{"id":6190,"date":"2024-03-07T09:38:14","date_gmt":"2024-03-07T09:38:14","guid":{"rendered":"https:\/\/www.interocloud.com\/?page_id=6190"},"modified":"2025-01-27T12:45:52","modified_gmt":"2025-01-27T12:45:52","slug":"cum-sa-iti-gestionezi-eficient-clinica-folosind-un-software-de-evidenta-date-pacienti-si-crm-intr-un-singur-loc","status":"publish","type":"page","link":"https:\/\/www.interocloud.com\/ro\/how-to-manage-your-clinic-efficiently-using-a-practice-management-software\/","title":{"rendered":"How To Manage Your Clinic Efficiently Using A Practice Management Software"},"content":{"rendered":"<div class=\"wpb-content-wrapper\"><div class=\"tm-row wpb_row vc_row-fluid tm-zindex-0 vc_row container tm-bgimage-position-center_center\">\n\n\t\t\n\t\t\n\t\t\n\n<div class=\"wpb_column tm-column vc_column_container vc_col-sm-12 tm-zindex-0\">\n\t<div class=\"vc_column-inner\">\n\t\t\t\t<div class=\"wpb_wrapper\">\n\t\t\t<div class=\"vc_empty_space\"   style=\"height: 64px\"><span class=\"vc_empty_space_inner\"><\/span><\/div><div class=\"tm-element-heading-wrapper tm-heading-inner tm-element-align-left tm-seperator-none tm-heading-style-vertical  tm-custom-heading tm-skincolo-strong\"><section class=\"tm-vc_cta3-container tm-custom-heading tm-skincolo-strong\"><div class=\"tm-vc_general tm-vc_cta3 tm-cta3-only tm-vc_cta3-style-classic tm-vc_cta3-shape-rounded tm-vc_cta3-align-left tm-vc_cta3-color-transparent tm-vc_cta3-icon-size-md tm-vc_cta3-actions-no tm-cta3-with-desc\"><div class=\"tm-vc_cta3_content-container\"><div class=\"tm-vc_cta3-content\"><header class=\"tm-vc_cta3-content-header tm-wrap\"><div class=\"tm-vc_cta3-headers tm-wrap-cell\"><h2 style=\"font-size:40px;line-height:49px;\" class=\"tm-custom-heading tm-reset-h2-font-responsive\" >Cum S\u0103 \u00ce\u021bi Gestionezi Eficient Clinica Folosind Un Software De <strong> Eviden\u021b\u0103 Pacien\u021bi \u0219i CRM \u00eentr-un Singur Loc?<\/strong><\/h2>\n<\/div><div class=\"heading-seperator\"><span><\/span><\/div><\/header><div class=\"tm-cta3-content-wrapper\"><p>Gestionarea eficient\u0103 a unei clinici medicale este esen\u021bial\u0103 pentru a asigura satisfac\u021bia pacien\u021bilor, optimizarea fluxului de lucru \u0219i utilizarea eficient\u0103 a resurselor. O solu\u021bie integrat\u0103 care combin\u0103 softul de management a clinicilor, sistemulul de eviden\u021b\u0103 a pacien\u021bilor \u0219i CRM-ul este cheia pentru atingerea acestor obiective. \u00cen acest articol, vom explora avantajele \u0219i caracteristicile acestor componente \u0219i modul \u00een care ele pot \u00eembun\u0103t\u0103\u021bi func\u021bionarea clinicilor medicale moderne.<\/p><\/div><\/div><\/div><\/div><\/section><\/div> <!-- .tm-element-heading-wrapper container --> \t\t<\/div>\n\t<\/div>\n<\/div>\n\n\n\n\t\t\n\t<\/div>\n\n\n\n\n\n\n\n\n\n\n\n<div class=\"tm-row wpb_row vc_row-fluid tm-zindex-0 vc_row container tm-bgimage-position-center_center\">\n\n\t\t\n\t\t\n\t\t\n\n<div class=\"wpb_column tm-column vc_column_container vc_col-sm-12 tm-zindex-0\">\n\t<div class=\"vc_column-inner\">\n\t\t\t\t<div class=\"wpb_wrapper\">\n\t\t\t\n\t<div  class=\"wpb_single_image wpb_content_element vc_align_left wpb_content_element vc_custom_1709805953705  tm-pattern-bg\">\n\t\t\n\t\t<figure class=\"wpb_wrapper vc_figure\">\n\t\t\t<div class=\"vc_single_image-wrapper vc_box_shadow_3d  vc_box_border_grey\"><img fetchpriority=\"high\" decoding=\"async\" width=\"1200\" height=\"630\" src=\"https:\/\/www.interocloud.com\/wp-content\/uploads\/2024\/03\/InteroCloud-Soft-pentru-Clinica-Medicala-FB-Post.png\" class=\"vc_single_image-img attachment-full\" alt=\"\" title=\"InteroCloud Soft Pentru Clinica Medicala\" srcset=\"https:\/\/www.interocloud.com\/wp-content\/uploads\/2024\/03\/InteroCloud-Soft-pentru-Clinica-Medicala-FB-Post.png 1200w, https:\/\/www.interocloud.com\/wp-content\/uploads\/2024\/03\/InteroCloud-Soft-pentru-Clinica-Medicala-FB-Post-300x158.png 300w, https:\/\/www.interocloud.com\/wp-content\/uploads\/2024\/03\/InteroCloud-Soft-pentru-Clinica-Medicala-FB-Post-1024x538.png 1024w, https:\/\/www.interocloud.com\/wp-content\/uploads\/2024\/03\/InteroCloud-Soft-pentru-Clinica-Medicala-FB-Post-768x403.png 768w, https:\/\/www.interocloud.com\/wp-content\/uploads\/2024\/03\/InteroCloud-Soft-pentru-Clinica-Medicala-FB-Post-18x9.png 18w\" sizes=\"(max-width: 1200px) 100vw, 1200px\" data-id=\"6195\"><\/div>\n\t\t<\/figure>\n\t<\/div>\n<div class=\"vc_empty_space\"   style=\"height: 32px\"><span class=\"vc_empty_space_inner\"><\/span><\/div>\n\t<div class=\"wpb_text_column wpb_content_element\" >\n\t\t<div class=\"wpb_wrapper\">\n\t\t\t<p>\u00cen prezentarea noastr\u0103 asupra importan\u021bei gestion\u0103rii eficiente a clinicilor medicale, subliniem nevoia constant\u0103 de adaptare \u0219i \u00eembun\u0103t\u0103\u021bire pentru a r\u0103spunde cerin\u021belor \u00een schimbare ale pie\u021bei. Adoptarea unei solu\u021bii integrate nu numai c\u0103 faciliteaz\u0103 gestionarea afacerii, dar \u0219i consolideaz\u0103 leg\u0103turile cu pacien\u021bii, oferindu-le o experien\u021b\u0103 de neegalat.<\/p>\n\n\t\t<\/div>\n\t<\/div>\n<div class=\"tm-element-heading-wrapper tm-heading-inner tm-element-align-left tm-seperator-none tm-heading-style-vertical  tm-custom-heading tm-skincolo-strong\"><section class=\"tm-vc_cta3-container tm-custom-heading tm-skincolo-strong\"><div class=\"tm-vc_general tm-vc_cta3 tm-cta3-only tm-vc_cta3-style-classic tm-vc_cta3-shape-rounded tm-vc_cta3-align-left tm-vc_cta3-color-transparent tm-vc_cta3-icon-size-md tm-vc_cta3-actions-no tm-cta3-with-desc\"><div class=\"tm-vc_cta3_content-container\"><div class=\"tm-vc_cta3-content\"><header class=\"tm-vc_cta3-content-header tm-wrap\"><div class=\"tm-vc_cta3-headers tm-wrap-cell\"><h2 style=\"font-size:28px;line-height:49px;\" class=\"tm-custom-heading tm-reset-h2-font-responsive\" >Platforma de administrare a activit\u0103\u021bii din clinica medical\u0103 serve\u0219te ca un hub central pentru toate opera\u021biunile relevante<\/h2>\n<\/div><div class=\"heading-seperator\"><span><\/span><\/div><\/header><div class=\"tm-cta3-content-wrapper\"><p>Centralizarea informa\u021biilor \u0219i automatizarea proceselor conduc la o mai mare eficien\u021b\u0103 \u0219i comunicare fluid\u0103 \u00eentre angaja\u021bi. Monitorizarea performan\u021bei prin generarea de rapoarte permite o evaluare constant\u0103 \u0219i ajust\u0103ri pentru optimizare.<\/p><\/div><\/div><\/div><\/div><\/section><\/div> <!-- .tm-element-heading-wrapper container --> <div class=\"tm-element-heading-wrapper tm-heading-inner tm-element-align-left tm-seperator-none tm-heading-style-vertical  tm-custom-heading tm-skincolo-strong\"><section class=\"tm-vc_cta3-container tm-custom-heading tm-skincolo-strong\"><div class=\"tm-vc_general tm-vc_cta3 tm-cta3-only tm-vc_cta3-style-classic tm-vc_cta3-shape-rounded tm-vc_cta3-align-left tm-vc_cta3-color-transparent tm-vc_cta3-icon-size-md tm-vc_cta3-actions-no tm-cta3-with-desc\"><div class=\"tm-vc_cta3_content-container\"><div class=\"tm-vc_cta3-content\"><header class=\"tm-vc_cta3-content-header tm-wrap\"><div class=\"tm-vc_cta3-headers tm-wrap-cell\"><h2 style=\"font-size:28px;line-height:49px;\" class=\"tm-custom-heading tm-reset-h2-font-responsive\" >Software-ul de eviden\u021b\u0103 a pacien\u021bilor este vital \u00een furnizarea de servicii medicale de calitate<\/h2>\n<\/div><div class=\"heading-seperator\"><span><\/span><\/div><\/header><div class=\"tm-cta3-content-wrapper\"><p>\u00cenregistrarea \u0219i actualizarea precis\u0103 a datelor medicale, \u00eempreun\u0103 cu o comunicare eficient\u0103 \u00eentre personalul medical, asigur\u0103 c\u0103 pacien\u021bii primesc \u00eengrijirea adecvat\u0103 \u0219i personalizat\u0103.<\/p><\/div><\/div><\/div><\/div><\/section><\/div> <!-- .tm-element-heading-wrapper container --> <div class=\"tm-element-heading-wrapper tm-heading-inner tm-element-align-left tm-seperator-none tm-heading-style-vertical  tm-custom-heading tm-skincolo-strong\"><section class=\"tm-vc_cta3-container tm-custom-heading tm-skincolo-strong\"><div class=\"tm-vc_general tm-vc_cta3 tm-cta3-only tm-vc_cta3-style-classic tm-vc_cta3-shape-rounded tm-vc_cta3-align-left tm-vc_cta3-color-transparent tm-vc_cta3-icon-size-md tm-vc_cta3-actions-no tm-cta3-with-desc\"><div class=\"tm-vc_cta3_content-container\"><div class=\"tm-vc_cta3-content\"><header class=\"tm-vc_cta3-content-header tm-wrap\"><div class=\"tm-vc_cta3-headers tm-wrap-cell\"><h2 style=\"font-size:28px;line-height:49px;\" class=\"tm-custom-heading tm-reset-h2-font-responsive\" >CRM-ul pentru clinicile medicale devine un instrument esen\u021bial pentru gestionarea rela\u021biilor cu pacien\u021bii \u0219i stimularea cre\u0219terii afacerii<\/h2>\n<\/div><div class=\"heading-seperator\"><span><\/span><\/div><\/header><div class=\"tm-cta3-content-wrapper\"><p>Gestionarea datelor pacien\u021bilor, \u00eempreun\u0103 cu automatizarea comunic\u0103rii cu ace\u0219tia, permit o interac\u021biune mai eficient\u0103 \u0219i o \u00eengrijire adaptat\u0103 nevoilor individuale.<\/p>\n<p>\u00cen selectarea solu\u021biei potrivite pentru o clinic\u0103, este crucial s\u0103 evaluezi nevoile specifice ale afacerii, s\u0103 compari op\u021biunile disponibile \u0219i s\u0103 colaborezi cu furnizori de \u00eencredere \u0219i cu experien\u021b\u0103. Astfel, te asiguri c\u0103 investi\u021bia \u00eentr-un sistem integrat aduce beneficii pe termen lung \u0219i \u00eendepline\u0219te cerin\u021bele specifice ale clinicii tale.<\/p><\/div><\/div><\/div><\/div><\/section><\/div> <!-- .tm-element-heading-wrapper container --> <div class=\"tm-element-heading-wrapper tm-heading-inner tm-element-align-left tm-seperator-none tm-heading-style-vertical  tm-custom-heading tm-skincolo-strong\"><section class=\"tm-vc_cta3-container tm-custom-heading tm-skincolo-strong\"><div class=\"tm-vc_general tm-vc_cta3 tm-cta3-only tm-vc_cta3-style-classic tm-vc_cta3-shape-rounded tm-vc_cta3-align-left tm-vc_cta3-color-transparent tm-vc_cta3-icon-size-md tm-vc_cta3-actions-no tm-cta3-with-desc\"><div class=\"tm-vc_cta3_content-container\"><div class=\"tm-vc_cta3-content\"><header class=\"tm-vc_cta3-content-header tm-wrap\"><div class=\"tm-vc_cta3-headers tm-wrap-cell\"><h2 style=\"font-size:28px;line-height:49px;\" class=\"tm-custom-heading tm-reset-h2-font-responsive\" >Concluzia noastr\u0103<\/h2>\n<\/div><div class=\"heading-seperator\"><span><\/span><\/div><\/header><div class=\"tm-cta3-content-wrapper\"><p>Unificarea platformei de administrare, a software-ului de eviden\u021b\u0103 a pacien\u021bilor \u0219i a CRM-ului \u00eentr-o solu\u021bie integrat\u0103 reprezint\u0103 cheia pentru o gestionare eficient\u0103 a clinicilor medicale. Prin adoptarea acestui approach, po\u021bi \u00eembun\u0103t\u0103\u021bi semnificativ afacerea ta \u00een domeniul medical \u0219i s\u0103 oferi servicii medicale de \u00eenalt\u0103 calitate, adapt\u00e2ndu-te \u00een acela\u0219i timp la schimb\u0103rile pie\u021bei.<\/p><\/div><\/div><\/div><\/div><\/section><\/div> <!-- .tm-element-heading-wrapper container --> <div class=\"tm-element-heading-wrapper tm-heading-inner tm-element-align-left tm-seperator-none tm-heading-style-vertical  tm-custom-heading tm-skincolo-strong\"><section class=\"tm-vc_cta3-container tm-custom-heading tm-skincolo-strong\"><div class=\"tm-vc_general tm-vc_cta3 tm-cta3-only tm-vc_cta3-style-classic tm-vc_cta3-shape-rounded tm-vc_cta3-align-left tm-vc_cta3-color-transparent tm-vc_cta3-icon-size-md tm-vc_cta3-actions-no tm-cta3-with-desc\"><div class=\"tm-vc_cta3_content-container\"><div class=\"tm-vc_cta3-content\"><header class=\"tm-vc_cta3-content-header tm-wrap\"><div class=\"tm-vc_cta3-headers tm-wrap-cell\"><h2 style=\"font-size:28px;line-height:49px;\" class=\"tm-custom-heading tm-reset-h2-font-responsive\" >Partenerul de \u00eencredere pentru clinici medicale si centre de tratament: <strong> InteroCloud<\/strong><\/h2>\n<\/div><div class=\"heading-seperator\"><span><\/span><\/div><\/header><div class=\"tm-cta3-content-wrapper\"><p>InteroCloud poate fi partenerul t\u0103u de \u00eencredere privind implementarea unei solu\u021bii de digitalizare a activit\u0103\u021bii din clinica medical\u0103. Te \u00eencuraj\u0103m s\u0103 solici\u021bi o demonstra\u021bie gratuit\u0103 \u0219i bine\u00een\u021beles, dac\u0103 sistemul InteroCloud acoper\u0103 nevoile specifice ale clinicii sau cabinetului t\u0103u, \u00ee\u021bi propunem o perioad\u0103 de prob\u0103 de 14 zile!<\/p><\/div><\/div><\/div><\/div><\/section><\/div> <!-- .tm-element-heading-wrapper container --> <div class=\"tm-element-heading-wrapper tm-heading-inner tm-element-align-left tm-seperator-none tm-heading-style-vertical  tm-custom-heading tm-skincolo-strong\"><section class=\"tm-vc_cta3-container tm-custom-heading tm-skincolo-strong\"><div class=\"tm-vc_general tm-vc_cta3 tm-cta3-only tm-vc_cta3-style-classic tm-vc_cta3-shape-rounded tm-vc_cta3-align-left tm-vc_cta3-color-transparent tm-vc_cta3-icon-size-md tm-vc_cta3-actions-no tm-cta3-without-desc\"><div class=\"tm-vc_cta3_content-container\"><div class=\"tm-vc_cta3-content\"><header class=\"tm-vc_cta3-content-header tm-wrap\"><div class=\"tm-vc_cta3-headers tm-wrap-cell\"><h2 style=\"font-size:28px;line-height:49px;\" class=\"tm-custom-heading tm-reset-h2-font-responsive\" >Programeaza un demo!<strong> Folose\u0219te gratuit 14 zile!<\/strong><\/h2>\n<\/div><div class=\"heading-seperator\"><span><\/span><\/div><\/header><\/div><\/div><\/div><\/section><\/div> <!-- .tm-element-heading-wrapper container --> \t\t<\/div>\n\t<\/div>\n<\/div>\n\n\n\n\t\t\n\t<\/div>\n\n\n\n\n\n\n\n\n\n\n\n<div class=\"tm-row wpb_row vc_row-fluid tm-zindex-0 vc_row container tm-bgimage-position-center_center\">\n\n\t\t\n\t\t\n\t\t\n\n<div class=\"wpb_column tm-column vc_column_container vc_col-sm-12 tm-zindex-0\">\n\t<div class=\"vc_column-inner\">\n\t\t\t\t<div class=\"wpb_wrapper\">\n\t\t\t\n\t<div class=\"wpb_text_column wpb_content_element\" >\n\t\t<div class=\"wpb_wrapper\">\n\t\t\t\n\t\t\t\t\t\t<script>\n\t\t\t\t\t\t\twindow.hsFormsOnReady = window.hsFormsOnReady || [];\n\t\t\t\t\t\t\twindow.hsFormsOnReady.push(()=>{\n\t\t\t\t\t\t\t\thbspt.forms.create({\n\t\t\t\t\t\t\t\t\tportalId: 8888347,\n\t\t\t\t\t\t\t\t\tformId: \"f5f83170-98a6-4e92-8135-4818608d09b3\",\n\t\t\t\t\t\t\t\t\ttarget: \"#hbspt-form-1776524921000-4791174993\",\n\t\t\t\t\t\t\t\t\tregion: \"na1\",\n\t\t\t\t\t\t\t\t\t\n\t\t\t\t\t\t\t})});\n\t\t\t\t\t\t<\/script>\n\t\t\t\t\t\t<div class=\"hbspt-form\" id=\"hbspt-form-1776524921000-4791174993\"><\/div>\n\n\t\t<\/div>\n\t<\/div>\n\t\t<\/div>\n\t<\/div>\n<\/div>\n\n\n\n\t\t\n\t<\/div>\n<\/div>","protected":false},"excerpt":{"rendered":"Cum S\u0103 \u00ce\u021bi Gestionezi Eficient Clinica Folosind Un Software De Eviden\u021b\u0103 Pacien\u021bi \u0219i CRM \u00eentr-un Singur Loc? Gestionarea eficient\u0103 a unei clinici medicale este esen\u021bial\u0103 pentru a asigura satisfac\u021bia pacien\u021bilor, optimizarea fluxului de lucru \u0219i utilizarea eficient\u0103 a resurselor. O solu\u021bie integrat\u0103 care combin\u0103 softul de management a clinicilor, sistemulul de eviden\u021b\u0103 a pacien\u021bilor \u0219i &hellip; <a href=\"https:\/\/www.interocloud.com\/ro\/how-to-manage-your-clinic-efficiently-using-a-practice-management-software\/\" class=\"more-link\">Continue reading <span class=\"screen-reader-text\">How To Manage Your Clinic Efficiently Using A Practice Management Software<\/span><\/a>","protected":false},"author":1,"featured_media":6197,"parent":0,"menu_order":0,"comment_status":"closed","ping_status":"closed","template":"","meta":{"content-type":"","footnotes":""},"class_list":["post-6190","page","type-page","status-publish","has-post-thumbnail","hentry"],"_links":{"self":[{"href":"https:\/\/www.interocloud.com\/ro\/wp-json\/wp\/v2\/pages\/6190","targetHints":{"allow":["GET"]}}],"collection":[{"href":"https:\/\/www.interocloud.com\/ro\/wp-json\/wp\/v2\/pages"}],"about":[{"href":"https:\/\/www.interocloud.com\/ro\/wp-json\/wp\/v2\/types\/page"}],"author":[{"embeddable":true,"href":"https:\/\/www.interocloud.com\/ro\/wp-json\/wp\/v2\/users\/1"}],"replies":[{"embeddable":true,"href":"https:\/\/www.interocloud.com\/ro\/wp-json\/wp\/v2\/comments?post=6190"}],"version-history":[{"count":8,"href":"https:\/\/www.interocloud.com\/ro\/wp-json\/wp\/v2\/pages\/6190\/revisions"}],"predecessor-version":[{"id":7074,"href":"https:\/\/www.interocloud.com\/ro\/wp-json\/wp\/v2\/pages\/6190\/revisions\/7074"}],"wp:featuredmedia":[{"embeddable":true,"href":"https:\/\/www.interocloud.com\/ro\/wp-json\/wp\/v2\/media\/6197"}],"wp:attachment":[{"href":"https:\/\/www.interocloud.com\/ro\/wp-json\/wp\/v2\/media?parent=6190"}],"curies":[{"name":"wp","href":"https:\/\/api.w.org\/{rel}","templated":true}]}}