{"id":6128,"date":"2024-02-21T13:54:08","date_gmt":"2024-02-21T13:54:08","guid":{"rendered":"https:\/\/www.interocloud.com\/?page_id=6128"},"modified":"2025-01-27T12:43:40","modified_gmt":"2025-01-27T12:43:40","slug":"fonduri-europene-pentru-digitalizare-clinici-medicale","status":"publish","type":"page","link":"https:\/\/www.interocloud.com\/ro\/fonduri-europene-pentru-digitalizare-clinici-medicale\/","title":{"rendered":"Fonduri Europene Pentru Digitalizare Clinici Medicale"},"content":{"rendered":"<div class=\"wpb-content-wrapper\"><div class=\"tm-row wpb_row vc_row-fluid tm-zindex-0 vc_row container tm-bgimage-position-center_center\">\n\n\t\t\n\t\t\n\t\t\n\n<div class=\"wpb_column tm-column vc_column_container vc_col-sm-12 tm-zindex-0\">\n\t<div class=\"vc_column-inner\">\n\t\t\t\t<div class=\"wpb_wrapper\">\n\t\t\t<div class=\"vc_empty_space\"   style=\"height: 60px\"><span class=\"vc_empty_space_inner\"><\/span><\/div><div class=\"tm-element-heading-wrapper tm-heading-inner tm-element-align-left tm-seperator-none tm-heading-style-vertical  tm-custom-heading tm-skincolo-strong\"><section class=\"tm-vc_cta3-container tm-custom-heading tm-skincolo-strong\"><div class=\"tm-vc_general tm-vc_cta3 tm-cta3-only tm-vc_cta3-style-classic tm-vc_cta3-shape-rounded tm-vc_cta3-align-left tm-vc_cta3-color-transparent tm-vc_cta3-icon-size-md tm-vc_cta3-actions-no tm-cta3-with-desc\"><div class=\"tm-vc_cta3_content-container\"><div class=\"tm-vc_cta3-content\"><header class=\"tm-vc_cta3-content-header tm-wrap\"><div class=\"tm-vc_cta3-headers tm-wrap-cell\"><h2 style=\"font-size:40px;line-height:49px;\" class=\"tm-custom-heading tm-reset-h2-font-responsive\" >Fonduri Europene Pentru<strong> Digitalizare Clinici Medicale<\/strong><\/h2>\n<\/div><div class=\"heading-seperator\"><span><\/span><\/div><\/header><div class=\"tm-cta3-content-wrapper\"><p>\u00cen Regiunea Centru, micro\u00eentreprinderile \u0219i firmele mici \u0219i mijlocii au acum oportunitatea de a accesa granturi destinate digitaliz\u0103rii activit\u0103\u021bii lor. Aceste subven\u021bii, \u00eentre 15.000 \u0219i 200.000 de euro pe proiect, sunt disponibile \u00een cele \u0219ase jude\u021be ale regiunii \u0219i sunt parte a unei noi linii de finan\u021bare. Ghidul solicitantului, \u00eempreun\u0103 cu anexele necesare, se regaseste pe site-ul Agen\u021biei pentru Dezvoltare Regional\u0103 (ADR) Centru \u0219i \u00eel pute\u021bi accesa <strong><a href=\"https:\/\/www.startupcafe.ro\/fonduri-europene\/inscrieri-2023-2024-granturi-digitalizare-imm-firme-judete-alba-brasov-covasna\" target=\"_blank\" rel=\"noopener\">aici<\/a><\/strong>.<\/p><\/div><\/div><\/div><\/div><\/section><\/div> <!-- .tm-element-heading-wrapper container --> \t\t<\/div>\n\t<\/div>\n<\/div>\n\n\n\n\t\t\n\t<\/div>\n\n\n\n\n\n\n\n\n\n\n\n<div class=\"tm-row wpb_row vc_row-fluid tm-zindex-0 vc_row container tm-bgimage-position-center_center\">\n\n\t\t\n\t\t\n\t\t\n\n<div class=\"wpb_column tm-column vc_column_container vc_col-sm-12 tm-zindex-0\">\n\t<div class=\"vc_column-inner\">\n\t\t\t\t<div class=\"wpb_wrapper\">\n\t\t\t\n\t<div  class=\"wpb_single_image wpb_content_element vc_align_left wpb_content_element vc_custom_1706441151635  tm-pattern-bg\">\n\t\t\n\t\t<figure class=\"wpb_wrapper vc_figure\">\n\t\t\t<div class=\"vc_single_image-wrapper vc_box_shadow_3d  vc_box_border_grey\"><img fetchpriority=\"high\" decoding=\"async\" width=\"1024\" height=\"648\" src=\"https:\/\/www.interocloud.com\/wp-content\/uploads\/2024\/01\/5-motive-pentru-implementarea-unui-soft-pentru-clinica-medicala.png\" class=\"vc_single_image-img attachment-full\" alt=\"\" title=\"soft pentru clinica medicala\" srcset=\"https:\/\/www.interocloud.com\/wp-content\/uploads\/2024\/01\/5-motive-pentru-implementarea-unui-soft-pentru-clinica-medicala.png 1024w, https:\/\/www.interocloud.com\/wp-content\/uploads\/2024\/01\/5-motive-pentru-implementarea-unui-soft-pentru-clinica-medicala-300x190.png 300w, https:\/\/www.interocloud.com\/wp-content\/uploads\/2024\/01\/5-motive-pentru-implementarea-unui-soft-pentru-clinica-medicala-768x486.png 768w, https:\/\/www.interocloud.com\/wp-content\/uploads\/2024\/01\/5-motive-pentru-implementarea-unui-soft-pentru-clinica-medicala-18x12.png 18w\" sizes=\"(max-width: 1024px) 100vw, 1024px\" data-id=\"6100\"><\/div>\n\t\t<\/figure>\n\t<\/div>\n<div class=\"vc_empty_space\"   style=\"height: 32px\"><span class=\"vc_empty_space_inner\"><\/span><\/div><div class=\"tm-element-heading-wrapper tm-heading-inner tm-element-align-left tm-seperator-none tm-heading-style-vertical  tm-custom-heading tm-skincolo-strong\"><section class=\"tm-vc_cta3-container tm-custom-heading tm-skincolo-strong\"><div class=\"tm-vc_general tm-vc_cta3 tm-cta3-only tm-vc_cta3-style-classic tm-vc_cta3-shape-rounded tm-vc_cta3-align-left tm-vc_cta3-color-transparent tm-vc_cta3-icon-size-md tm-vc_cta3-actions-no tm-cta3-with-desc\"><div class=\"tm-vc_cta3_content-container\"><div class=\"tm-vc_cta3-content\"><header class=\"tm-vc_cta3-content-header tm-wrap\"><div class=\"tm-vc_cta3-headers tm-wrap-cell\"><h2 style=\"font-size:28px;line-height:49px;\" class=\"tm-custom-heading tm-reset-h2-font-responsive\" >Finan\u021b\u0103rile de digitalizare IMM: Ac\u021biunea 2.2 \u2013 \u00centreprinderi digitale pentru o economie avansat\u0103 \u2013 sectoarele de specializare inteligent\u0103 din Programul \u201dRegiunea Centru\u201d 2021-2027:<\/h2>\n<\/div><div class=\"heading-seperator\"><span><\/span><\/div><\/header><div class=\"tm-cta3-content-wrapper\"><p>Firmele interesate \u00eenca pot depune cererile de finan\u021bare prin intermediul platformei online <strong><a href=\"https:\/\/www.startupcafe.ro\/fonduri-europene\/fonduri-europene-cereri-finantare-sistem-electronic-mysmis2021.htm\" target=\"_blank\" rel=\"noopener\">MySMIS2021<\/a><\/strong>, p\u00e2n\u0103 la data de 15 mai 2024.<\/p>\n<p>Aceste granturi sunt destinate investi\u021biilor \u00een diverse domenii, inclusiv activit\u0103\u021bi de asisten\u021b\u0103 medical\u0103, din jude\u021bele Regiunii Centru, printre care Alba, Bra\u0219ov, Covasna, Harghita, Mure\u0219 \u0219i Sibiu. Cerin\u021bele pentru aplicare favorizeaz\u0103 firmele cu un num\u0103r minim de trei angaja\u021bi.<\/p>\n<p>Bugetul total al schemei este de 32.014.709 euro, reprezent\u00e2nd at\u00e2t finan\u021bare european\u0103 (27.212.503 euro) c\u00e2t \u0219i fonduri de la Bugetul de stat (4.802.206 euro). Suma acordat\u0103 pentru fiecare proiect variaz\u0103 \u00eentre 15.000 \u0219i 200.000 de euro, cu o intensitate maxim\u0103 de sprijin de 90%. Acest lucru \u00eenseamn\u0103 c\u0103 beneficiarii vor trebui s\u0103 contribuie cu cel pu\u021bin 10% din valoarea cheltuielilor eligibile, \u00eempreun\u0103 cu toate cheltuielile neeligibile.<\/p>\n<p>Se estimeaz\u0103 c\u0103 aproximativ 2.134 de firme vor beneficia de aceste ajutoare de minimis.<\/p>\n<p>Este important de remarcat c\u0103 aceste granturi nu trebuie confundate cu alte scheme similare, cum ar fi granturile pentru digitalizare IMM, care sunt parte a Planului Na\u021bional de Redresare \u0219i Rezilien\u021b\u0103 \u0219i ofer\u0103 sume \u00eentre 20.000 \u0219i 100.000 de euro.<\/p>\n<p>Pentru a fi eligibile pentru granturile pentru digitalizare, solicitantul trebuie s\u0103 \u00eendeplineasc\u0103 anumite criterii, incluz\u00e2nd \u00eenregistrarea ca societate conform legisla\u021biei \u00een vigoare \u0219i calificarea ca \u00eentreprindere mic\u0103 sau mijlocie conform defini\u021biei din Legea 346\/2004. De asemenea, este necesar ca firma s\u0103 aib\u0103 activitate desf\u0103\u0219urat\u0103 pe o perioad\u0103 corespunz\u0103toare unui an fiscal integral \u0219i s\u0103 \u00eendeplineasc\u0103 cerin\u021be legate de num\u0103rul de angaja\u021bi \u0219i de profitabilitate.<\/p>\n<p>Aceste granturi sunt direc\u021bionate c\u0103tre diverse domenii de activitate, cu condi\u021bia ca solicitantul s\u0103 desf\u0103\u0219oare activit\u0103\u021bi \u00een afara sectorului TIC \u0219i s\u0103 aib\u0103 locul de implementare a proiectului \u00een Regiunea Centru.<\/p>\n<p><strong>Anexa 3 la Ghidul solicitantului cuprinde 222 de domenii CAEN eligibile, printre care:<\/strong><\/p>\n<ul>\n<li>Lucrari de construc\u021bii a altor proiecte ingineresti n.c.a\u00a0\u00a0 \u00a04299<\/li>\n<li>Lucrari de instalatii electrice\u00a0\u00a0 \u00a04321<\/li>\n<li>Lucrari de instalatii sanitare, de incalzire si de aer conditionat\u00a0\u00a0 \u00a04322<\/li>\n<li>Lucrari de tamplarie si dulgherie\u00a0\u00a0 \u00a04332<\/li>\n<li>Lucrari de vopsitorie, zugraveli si montari de geamuri\u00a0\u00a0 \u00a04334<\/li>\n<li>Intretinerea si repararea autovehiculelor\u00a0\u00a0 \u00a04520<\/li>\n<li>Hoteluri \u015fi alte facilit\u0103\u0163i de cazare similare\u00a0\u00a0 \u00a05510<\/li>\n<li>Facilit\u0103\u0163i de cazare pentru vacan\u0163e \u015fi perioade de scurt\u0103 durat\u0103\u00a0\u00a0 \u00a05520<\/li>\n<li>Parcuri pentru rulote, campinguri \u015fi tabere\u00a0\u00a0 \u00a05530<\/li>\n<li>Alte servicii de cazare\u00a0\u00a0 \u00a05590<\/li>\n<li>Activit\u0103\u0163i de \u00eentre\u0163inere corporal\u0103\u00a0\u00a0 \u00a09604<\/li>\n<li>Activit\u0103\u021bi de asisten\u021b\u0103 medical\u0103 general\u00a0\u00a0 \u00a08621<\/li>\n<li>Activit\u0103\u021bi de asisten\u021b\u0103 medical\u0103 specializat\u0103\u00a0\u00a0 \u00a08622<\/li>\n<li>Activit\u0103\u021bi de asisten\u021b\u0103 stomatologic\u0103\u00a0\u00a0 \u00a08623<\/li>\n<li>Fabricarea de mobil\u0103 n.c.a.\u00a0\u00a0 \u00a03109<\/li>\n<\/ul>\n<p><strong>Cheltuielile eligibile pentru aceste granturi includ achizi\u021bionarea sau dezvoltarea de software<\/strong>, echipamente integrate cu solu\u021bii digitale, servicii de instruire a personalului \u0219i multe altele, cu condi\u021bia ca acestea s\u0103 fie necesare pentru digitalizarea activit\u0103\u021bii solicitantului. Iata lista complet\u0103:<\/p>\n<ol>\n<li>Software achizi\u021bionat sau dezvoltat\/adaptat la comand\u0103;<\/li>\n<li>Software personalizat pentru prezen\u021ba online: website-uri de prezentare \u0219i promovare, magazine, solu\u021bii de e-commerce;<\/li>\n<li>Software de securitate cibernetic\u0103 (protec\u021bia tranzac\u021biilor online \u0219i a datelor personale);<\/li>\n<li>Sisteme de operare, software pentru creare de con\u021binut (editoare de text\/grafic\u0103 sau altele);<\/li>\n<li>Alte tipuri de software disponibile pe pia\u021b\u0103 sau create la comand\u0103, necesare \u00een activitatea solicitantului, care nu intr\u0103 \u00een celelalte categorii, \u00een limitele impuse de specificul apelului;<\/li>\n<li>Dispozitive \u0219i echipamente integrate cu solu\u021bii digitale, ce pot servi pentru automatiz\u0103ri \u0219i robotic\u0103;<\/li>\n<li>Dispozitive \u0219i echipamente aferente e-commerce, IoT (Internet of Things), tehnologii blockchain etc.;<\/li>\n<li>Echipamente IT care s\u0103 asigurare capacitate de memorie\/spa\u021biu de stocare fizic sau \u00eentr-un cloud privat, rezult\u00e2nd, astfel, un activ de\u021binut de beneficiar;<\/li>\n<li>Orice echipament care poate conduce la opera\u021bionalizarea activelor necorporale achizi\u021bionate, specifice digitaliz\u0103rii solicitantului, prin utilizarea tehnologiei informa\u021biei.<\/li>\n<li>Active corporale\/necorporale, necesare realiz\u0103rii re\u021belei LAN\/WiFi;<\/li>\n<li>Costurile cu serviciile de instruire a personalului \u00een vederea opera\u021bionaliz\u0103rii solu\u021biilor digitale care fac obiectul proiectului &#8211; pentru aceste cheltuieli se va aplica op\u021biunea de costuri simplificate sub form\u0103 de cost unitar;<\/li>\n<li>Costurile cu serviciile de trecere a arhivelor din analog\/dosare\/h\u00e2rtie \u00een digital indexabil;<\/li>\n<li>Costurile cu serviciile de consultan\u021b\u0103 pentru elaborarea \u0219i pentru managementul\/implementarea proiectului, inclusiv cheltuielile pentru elaborarea planului de digitalizare;<\/li>\n<li>Costurile cu serviciile pentru activit\u0103\u021bile obligatorii de informare \u0219i publicitate<\/li>\n<li>Costul cu auditul financiar<\/li>\n<li>Costurile cu auditul de maturitate digital\u0103<\/li>\n<\/ol>\n<p>\u00cen concluzie, aceste granturi reprezint\u0103 o oportunitate valoroas\u0103 pentru clinicile medicale din Regiunea Centru de a-\u0219i \u00eembun\u0103t\u0103\u021bi \u0219i moderniza activitatea prin intermediul tehnologiilor digitale, contribuind astfel la cre\u0219terea competitivit\u0103\u021bii \u0219i a sustenabilit\u0103\u021bii economice a acestor \u00eentreprinderi.<\/p><\/div><\/div><\/div><\/div><\/section><\/div> <!-- .tm-element-heading-wrapper container --> \n\t<div class=\"wpb_text_column wpb_content_element\" >\n\t\t<div class=\"wpb_wrapper\">\n\t\t\t<p><strong style=\"color: black;\">\u00cen situa\u021bia \u00een care ave\u021bi nevoie, v\u0103 \u00eencuraj\u0103m s\u0103 solicita\u021bi \u0219i o ofert\u0103 de licen\u021b\u0103 pentru software-ul destinat clinicilor \u0219i cabinetelelor medicale oferit de InteroCloud. Aceast\u0103 solu\u021bie poate fi extrem de benefic\u0103 pentru optimizarea proceselor interne, gestionarea eficient\u0103 a datelor pacien\u021bilor \u0219i \u00eembun\u0103t\u0103\u021birea calit\u0103\u021bii serviciilor medicale oferite. Prin implementarea unei solu\u021bii integrate de gestionare a cabinetului medical, ve\u021bi putea s\u0103 v\u0103 concentra\u021bi mai mult pe \u00eengrijirea pacien\u021bilor \u0219i s\u0103 eficientiza\u021bi activitatea personalului medical.<\/strong><\/p>\n\n\t\t<\/div>\n\t<\/div>\n\t\t<\/div>\n\t<\/div>\n<\/div>\n\n\n\n\t\t\n\t<\/div>\n\n\n\n\n\n\n\n\n\n\n\n<div class=\"tm-row wpb_row vc_row-fluid tm-zindex-0 vc_row container tm-bgimage-position-center_center\">\n\n\t\t\n\t\t\n\t\t\n\n<div class=\"wpb_column tm-column vc_column_container vc_col-sm-12 tm-zindex-0\">\n\t<div class=\"vc_column-inner\">\n\t\t\t\t<div class=\"wpb_wrapper\">\n\t\t\t<div class=\"tm-element-heading-wrapper tm-heading-inner tm-element-align-left tm-seperator-none tm-heading-style-vertical  tm-custom-heading tm-skincolo-strong\"><section class=\"tm-vc_cta3-container tm-custom-heading tm-skincolo-strong\"><div class=\"tm-vc_general tm-vc_cta3 tm-cta3-only tm-vc_cta3-style-classic tm-vc_cta3-shape-rounded tm-vc_cta3-align-left tm-vc_cta3-color-transparent tm-vc_cta3-icon-size-md tm-vc_cta3-actions-no tm-cta3-with-desc\"><div class=\"tm-vc_cta3_content-container\"><div class=\"tm-vc_cta3-content\"><header class=\"tm-vc_cta3-content-header tm-wrap\"><div class=\"tm-vc_cta3-headers tm-wrap-cell\"><h2 style=\"font-size:28px;line-height:49px;\" class=\"tm-custom-heading tm-reset-h2-font-responsive\" >Solicit\u0103 o demonstra\u021bie! <strong> Afl\u0103 mai multe despre InteroCloud!<\/strong><\/h2>\n<\/div><div class=\"heading-seperator\"><span><\/span><\/div><\/header><div class=\"tm-cta3-content-wrapper\"><script>\n\t\t\t\t\t\t\twindow.hsFormsOnReady = window.hsFormsOnReady || [];\n\t\t\t\t\t\t\twindow.hsFormsOnReady.push(()=>{\n\t\t\t\t\t\t\t\thbspt.forms.create({\n\t\t\t\t\t\t\t\t\tportalId: 8888347,\n\t\t\t\t\t\t\t\t\tformId: \"f5f83170-98a6-4e92-8135-4818608d09b3\",\n\t\t\t\t\t\t\t\t\ttarget: \"#hbspt-form-1776525093000-7400684204\",\n\t\t\t\t\t\t\t\t\tregion: \"na1\",\n\t\t\t\t\t\t\t\t\t\n\t\t\t\t\t\t\t})});\n\t\t\t\t\t\t<\/script>\n\t\t\t\t\t\t<div class=\"hbspt-form\" id=\"hbspt-form-1776525093000-7400684204\"><\/div><\/div><\/div><\/div><\/div><\/section><\/div> <!-- .tm-element-heading-wrapper container --> \t\t<\/div>\n\t<\/div>\n<\/div>\n\n\n\n\t\t\n\t<\/div>\n<\/div>","protected":false},"excerpt":{"rendered":"Fonduri Europene Pentru Digitalizare Clinici Medicale \u00cen Regiunea Centru, micro\u00eentreprinderile \u0219i firmele mici \u0219i mijlocii au acum oportunitatea de a accesa granturi destinate digitaliz\u0103rii activit\u0103\u021bii lor. Aceste subven\u021bii, \u00eentre 15.000 \u0219i 200.000 de euro pe proiect, sunt disponibile \u00een cele \u0219ase jude\u021be ale regiunii \u0219i sunt parte a unei noi linii de finan\u021bare. Ghidul solicitantului, &hellip; <a href=\"https:\/\/www.interocloud.com\/ro\/fonduri-europene-pentru-digitalizare-clinici-medicale\/\" class=\"more-link\">Continue reading <span class=\"screen-reader-text\">Fonduri Europene Pentru Digitalizare Clinici Medicale<\/span><\/a>","protected":false},"author":1,"featured_media":6144,"parent":0,"menu_order":0,"comment_status":"closed","ping_status":"closed","template":"","meta":{"content-type":"","footnotes":""},"class_list":["post-6128","page","type-page","status-publish","has-post-thumbnail","hentry"],"_links":{"self":[{"href":"https:\/\/www.interocloud.com\/ro\/wp-json\/wp\/v2\/pages\/6128","targetHints":{"allow":["GET"]}}],"collection":[{"href":"https:\/\/www.interocloud.com\/ro\/wp-json\/wp\/v2\/pages"}],"about":[{"href":"https:\/\/www.interocloud.com\/ro\/wp-json\/wp\/v2\/types\/page"}],"author":[{"embeddable":true,"href":"https:\/\/www.interocloud.com\/ro\/wp-json\/wp\/v2\/users\/1"}],"replies":[{"embeddable":true,"href":"https:\/\/www.interocloud.com\/ro\/wp-json\/wp\/v2\/comments?post=6128"}],"version-history":[{"count":24,"href":"https:\/\/www.interocloud.com\/ro\/wp-json\/wp\/v2\/pages\/6128\/revisions"}],"predecessor-version":[{"id":7073,"href":"https:\/\/www.interocloud.com\/ro\/wp-json\/wp\/v2\/pages\/6128\/revisions\/7073"}],"wp:featuredmedia":[{"embeddable":true,"href":"https:\/\/www.interocloud.com\/ro\/wp-json\/wp\/v2\/media\/6144"}],"wp:attachment":[{"href":"https:\/\/www.interocloud.com\/ro\/wp-json\/wp\/v2\/media?parent=6128"}],"curies":[{"name":"wp","href":"https:\/\/api.w.org\/{rel}","templated":true}]}}