{"id":6117,"date":"2024-02-03T08:37:56","date_gmt":"2024-02-03T08:37:56","guid":{"rendered":"https:\/\/www.interocloud.com\/?page_id=6117"},"modified":"2025-01-27T12:31:22","modified_gmt":"2025-01-27T12:31:22","slug":"ghid-practic-cum-sa-deschizi-o-clinica-medicala-de-succes","status":"publish","type":"page","link":"https:\/\/www.interocloud.com\/ro\/a-guide-to-establishing-and-managing-a-medical-clinic\/","title":{"rendered":"A Guide to Establishing and Managing a Medical Clinic"},"content":{"rendered":"<div class=\"wpb-content-wrapper\"><div class=\"tm-row wpb_row vc_row-fluid tm-zindex-0 vc_row container tm-bgimage-position-center_center\">\n\n\t\t\n\t\t\n\t\t\n\n<div class=\"wpb_column tm-column vc_column_container vc_col-sm-12 tm-zindex-0\">\n\t<div class=\"vc_column-inner\">\n\t\t\t\t<div class=\"wpb_wrapper\">\n\t\t\t<div class=\"tm-element-heading-wrapper tm-heading-inner tm-element-align-left tm-seperator-none tm-heading-style-vertical  tm-custom-heading tm-skincolo-strong\"><section class=\"tm-vc_cta3-container tm-custom-heading tm-skincolo-strong\"><div class=\"tm-vc_general tm-vc_cta3 tm-cta3-only tm-vc_cta3-style-classic tm-vc_cta3-shape-rounded tm-vc_cta3-align-left tm-vc_cta3-color-transparent tm-vc_cta3-icon-size-md tm-vc_cta3-actions-no tm-cta3-with-desc\"><div class=\"tm-vc_cta3_content-container\"><div class=\"tm-vc_cta3-content\"><header class=\"tm-vc_cta3-content-header tm-wrap\"><div class=\"tm-vc_cta3-headers tm-wrap-cell\"><h2 style=\"font-size:40px;line-height:49px;\" class=\"tm-custom-heading tm-reset-h2-font-responsive\" >Ghid Practic:<br \/>\n<strong> Cum s\u0103 Deschizi o Clinic\u0103 Medical\u0103 de Succes?<\/strong><\/h2>\n<\/div><div class=\"heading-seperator\"><span><\/span><\/div><\/header><div class=\"tm-cta3-content-wrapper\"><p>\u00cen drumul c\u0103tre deschiderea \u0219i sus\u021binerea unei clinici medicale prospere, fiecare pas este crucial. De la definirea scopului t\u0103u ini\u021bial la alegerea software-ului de administrare, fiecare decizie contribuie la punerea bazelor unei afaceri durabile in domeniul sanata\u021bii. \u00cen cadrul acestui acest articol vom explora detaliat c\u00e2teva aspecte cheie pentru a-\u021bi ghida pa\u0219ii c\u0103tre succes.<\/p><\/div><\/div><\/div><\/div><\/section><\/div> <!-- .tm-element-heading-wrapper container --> <div class=\"vc_empty_space\"   style=\"height: 60px\"><span class=\"vc_empty_space_inner\"><\/span><\/div>\t\t<\/div>\n\t<\/div>\n<\/div>\n\n\n\n\t\t\n\t<\/div>\n\n\n\n\n\n\n\n\n\n\n\n<div class=\"tm-row wpb_row vc_row-fluid tm-zindex-0 vc_row container tm-bgimage-position-center_center\">\n\n\t\t\n\t\t\n\t\t\n\n<div class=\"wpb_column tm-column vc_column_container vc_col-sm-12 tm-zindex-0\">\n\t<div class=\"vc_column-inner\">\n\t\t\t\t<div class=\"wpb_wrapper\">\n\t\t\t\n\t<div  class=\"wpb_single_image wpb_content_element vc_align_left wpb_content_element vc_custom_1706950643628  tm-pattern-bg\">\n\t\t\n\t\t<figure class=\"wpb_wrapper vc_figure\">\n\t\t\t<div class=\"vc_single_image-wrapper vc_box_shadow_3d  vc_box_border_grey\"><img fetchpriority=\"high\" decoding=\"async\" width=\"1024\" height=\"648\" src=\"https:\/\/www.interocloud.com\/wp-content\/uploads\/2024\/02\/InteroClouc-Cum-sa-deschizi-o-clinica-medicala-de-succes.png\" class=\"vc_single_image-img attachment-full\" alt=\"\" title=\"InteroCloud software clinica medicala\" srcset=\"https:\/\/www.interocloud.com\/wp-content\/uploads\/2024\/02\/InteroClouc-Cum-sa-deschizi-o-clinica-medicala-de-succes.png 1024w, https:\/\/www.interocloud.com\/wp-content\/uploads\/2024\/02\/InteroClouc-Cum-sa-deschizi-o-clinica-medicala-de-succes-300x190.png 300w, https:\/\/www.interocloud.com\/wp-content\/uploads\/2024\/02\/InteroClouc-Cum-sa-deschizi-o-clinica-medicala-de-succes-768x486.png 768w, https:\/\/www.interocloud.com\/wp-content\/uploads\/2024\/02\/InteroClouc-Cum-sa-deschizi-o-clinica-medicala-de-succes-18x12.png 18w\" sizes=\"(max-width: 1024px) 100vw, 1024px\" data-id=\"6120\"><\/div>\n\t\t<\/figure>\n\t<\/div>\n<div class=\"tm-element-heading-wrapper tm-heading-inner tm-element-align-left tm-seperator-none tm-heading-style-vertical  tm-custom-heading tm-skincolo-strong\"><section class=\"tm-vc_cta3-container tm-custom-heading tm-skincolo-strong\"><div class=\"tm-vc_general tm-vc_cta3 tm-cta3-only tm-vc_cta3-style-classic tm-vc_cta3-shape-rounded tm-vc_cta3-align-left tm-vc_cta3-color-transparent tm-vc_cta3-icon-size-md tm-vc_cta3-actions-no tm-cta3-with-desc\"><div class=\"tm-vc_cta3_content-container\"><div class=\"tm-vc_cta3-content\"><header class=\"tm-vc_cta3-content-header tm-wrap\"><div class=\"tm-vc_cta3-headers tm-wrap-cell\"><h2 style=\"font-size:28px;line-height:49px;\" class=\"tm-custom-heading tm-reset-h2-font-responsive\" >1. Define\u0219te-\u021bi Scopul Clar<\/h2>\n<\/div><div class=\"heading-seperator\"><span><\/span><\/div><\/header><div class=\"tm-cta3-content-wrapper\"><p>Primul pas crucial \u00een deschiderea unei clinici medicale este definirea clar\u0103 a scopului t\u0103u. Identific\u0103 cu precizie ce \u00ee\u021bi dore\u0219ti de la aceasta ini\u021biativ\u0103 &#8211; fie c\u0103 este vorba despre \u00eembun\u0103t\u0103\u021birea calit\u0103\u021bii acului medical, cre\u0219terea veniturilor sau dezvoltarea unei afaceri independente. Scrie-\u021bi obiectivele \u0219i r\u0103spunde la \u00eentrebarea &#8220;<em>De ce este important pentru mine?<\/em>&#8221; de mai multe ori, pentru a ajunge la esen\u021ba motiva\u021biei care va ghida toate deciziile ulterioare.<\/p><\/div><\/div><\/div><\/div><\/section><\/div> <!-- .tm-element-heading-wrapper container --> \t\t<\/div>\n\t<\/div>\n<\/div>\n\n\n\n\t\t\n\t<\/div>\n\n\n\n\n\n\n\n\n\n\n\n<div class=\"tm-row wpb_row vc_row-fluid tm-zindex-0 vc_row container tm-bgimage-position-center_center\">\n\n\t\t\n\t\t\n\t\t\n\n<div class=\"wpb_column tm-column vc_column_container vc_col-sm-12 tm-zindex-0\">\n\t<div class=\"vc_column-inner\">\n\t\t\t\t<div class=\"wpb_wrapper\">\n\t\t\t<div class=\"tm-element-heading-wrapper tm-heading-inner tm-element-align-left tm-seperator-none tm-heading-style-vertical  tm-custom-heading tm-skincolo-strong\"><section class=\"tm-vc_cta3-container tm-custom-heading tm-skincolo-strong\"><div class=\"tm-vc_general tm-vc_cta3 tm-cta3-only tm-vc_cta3-style-classic tm-vc_cta3-shape-rounded tm-vc_cta3-align-left tm-vc_cta3-color-transparent tm-vc_cta3-icon-size-md tm-vc_cta3-actions-no tm-cta3-with-desc\"><div class=\"tm-vc_cta3_content-container\"><div class=\"tm-vc_cta3-content\"><header class=\"tm-vc_cta3-content-header tm-wrap\"><div class=\"tm-vc_cta3-headers tm-wrap-cell\"><h2 style=\"font-size:28px;line-height:49px;\" class=\"tm-custom-heading tm-reset-h2-font-responsive\" >2. Alege Tipul de Clinic\u0103 Potrivit<\/h2>\n<\/div><div class=\"heading-seperator\"><span><\/span><\/div><\/header><div class=\"tm-cta3-content-wrapper\"><p>Odat\u0103 ce ai definit clar scopul, este momentul s\u0103 te g\u00e2nde\u0219ti la tipul de clinic\u0103 pe care vrei s\u0103 o deschizi. Analizeaz\u0103 dac\u0103 preferi o afacere individual\u0103 sau colaborarea \u00eentr-o echip\u0103. G\u00e2nde\u0219te-te la setul t\u0103u de talente \u0219i daca este necesar s\u0103 angajezi sau s\u0103 colaborezi cu al\u021bi profesioni\u0219ti din domeniul medical pentru a acoperi nevoile pacien\u021bilor care vor c\u0103lca pragul clinicii tale. Aceast\u0103 analiz\u0103 \u00ee\u021bi va ghida decizia privind tipul de clinic\u0103 pe care vrei s\u0103 o deschizi.<\/p><\/div><\/div><\/div><\/div><\/section><\/div> <!-- .tm-element-heading-wrapper container --> \t\t<\/div>\n\t<\/div>\n<\/div>\n\n\n\n\t\t\n\t<\/div>\n\n\n\n\n\n\n\n\n\n\n\n<div class=\"tm-row wpb_row vc_row-fluid tm-zindex-0 vc_row container tm-bgimage-position-center_center\">\n\n\t\t\n\t\t\n\t\t\n\n<div class=\"wpb_column tm-column vc_column_container vc_col-sm-12 tm-zindex-0\">\n\t<div class=\"vc_column-inner\">\n\t\t\t\t<div class=\"wpb_wrapper\">\n\t\t\t<div class=\"tm-element-heading-wrapper tm-heading-inner tm-element-align-left tm-seperator-none tm-heading-style-vertical  tm-custom-heading tm-skincolo-strong\"><section class=\"tm-vc_cta3-container tm-custom-heading tm-skincolo-strong\"><div class=\"tm-vc_general tm-vc_cta3 tm-cta3-only tm-vc_cta3-style-classic tm-vc_cta3-shape-rounded tm-vc_cta3-align-left tm-vc_cta3-color-transparent tm-vc_cta3-icon-size-md tm-vc_cta3-actions-no tm-cta3-with-desc\"><div class=\"tm-vc_cta3_content-container\"><div class=\"tm-vc_cta3-content\"><header class=\"tm-vc_cta3-content-header tm-wrap\"><div class=\"tm-vc_cta3-headers tm-wrap-cell\"><h2 style=\"font-size:28px;line-height:49px;\" class=\"tm-custom-heading tm-reset-h2-font-responsive\" >3. Contureaz\u0103 Identitatea Clinicii<\/h2>\n<\/div><div class=\"heading-seperator\"><span><\/span><\/div><\/header><div class=\"tm-cta3-content-wrapper\"><p>O identitate distinctiv\u0103 este cheia pentru a te face remarcat \u00een fa\u021ba concuren\u021bei. Depune efort \u00een a oferi pacien\u021bilor o experien\u021b\u0103 memorabil\u0103, fie prin metode terapeutice speciale, design interior sau comunicare personalizat\u0103. Acest aspect te va ajuta s\u0103 construie\u0219ti o reputa\u021bie solid\u0103 \u0219i s\u0103 fii recunoscut \u00een comunitatea medical\u0103.<\/p><\/div><\/div><\/div><\/div><\/section><\/div> <!-- .tm-element-heading-wrapper container --> <div class=\"tm-element-heading-wrapper tm-heading-inner tm-element-align-left tm-seperator-none tm-heading-style-vertical  tm-custom-heading tm-skincolo-strong\"><section class=\"tm-vc_cta3-container tm-custom-heading tm-skincolo-strong\"><div class=\"tm-vc_general tm-vc_cta3 tm-cta3-only tm-vc_cta3-style-classic tm-vc_cta3-shape-rounded tm-vc_cta3-align-left tm-vc_cta3-color-transparent tm-vc_cta3-icon-size-md tm-vc_cta3-actions-no tm-cta3-with-desc\"><div class=\"tm-vc_cta3_content-container\"><div class=\"tm-vc_cta3-content\"><header class=\"tm-vc_cta3-content-header tm-wrap\"><div class=\"tm-vc_cta3-headers tm-wrap-cell\"><h2 style=\"font-size:28px;line-height:49px;\" class=\"tm-custom-heading tm-reset-h2-font-responsive\" >4. Alege Loca\u021bia Potrivit\u0103<\/h2>\n<\/div><div class=\"heading-seperator\"><span><\/span><\/div><\/header><div class=\"tm-cta3-content-wrapper\"><p>Loca\u021bia clinicii joaca un rol crucial \u00een succesul afacerii tale. Studiaz\u0103 circumstan\u021bele socio-economice ale zonei, num\u0103rul de locuitori, demografia acestora \u0219i concuren\u021ba existent\u0103. Alege o loca\u021bie accesibil\u0103 \u0219i convenabil\u0103 pentru pacien\u021bi, \u021bin\u00e2nd cont de posibilit\u0103\u021bile de parcare \u0219i accesibilitate.<\/p><\/div><\/div><\/div><\/div><\/section><\/div> <!-- .tm-element-heading-wrapper container --> <div class=\"tm-element-heading-wrapper tm-heading-inner tm-element-align-left tm-seperator-none tm-heading-style-vertical  tm-custom-heading tm-skincolo-strong\"><section class=\"tm-vc_cta3-container tm-custom-heading tm-skincolo-strong\"><div class=\"tm-vc_general tm-vc_cta3 tm-cta3-only tm-vc_cta3-style-classic tm-vc_cta3-shape-rounded tm-vc_cta3-align-left tm-vc_cta3-color-transparent tm-vc_cta3-icon-size-md tm-vc_cta3-actions-no tm-cta3-with-desc\"><div class=\"tm-vc_cta3_content-container\"><div class=\"tm-vc_cta3-content\"><header class=\"tm-vc_cta3-content-header tm-wrap\"><div class=\"tm-vc_cta3-headers tm-wrap-cell\"><h2 style=\"font-size:28px;line-height:49px;\" class=\"tm-custom-heading tm-reset-h2-font-responsive\" >5. Construie\u0219te-\u021bi Strategia de Marketing<\/h2>\n<\/div><div class=\"heading-seperator\"><span><\/span><\/div><\/header><div class=\"tm-cta3-content-wrapper\"><p>Un plan de marketing solid este esen\u021bial pentru a atrage pacien\u021bi noi \u0219i a te face cunoscut \u00een comunitate. Identific\u0103 publicul t\u0103u tint\u0103, canalele de comunicare potrivite \u0219i con\u021binutul care atrage cel mai bine grupul t\u0103u. Creeaz\u0103 un brand puternic \u0219i folose\u0219te resurse multiple, precum un website, social media \u0219i parteneriate, pentru a-\u021bi prezenta clinica \u0219i a atrage pacien\u021bi.<\/p><\/div><\/div><\/div><\/div><\/section><\/div> <!-- .tm-element-heading-wrapper container --> <div class=\"tm-element-heading-wrapper tm-heading-inner tm-element-align-left tm-seperator-none tm-heading-style-vertical  tm-custom-heading tm-skincolo-strong\"><section class=\"tm-vc_cta3-container tm-custom-heading tm-skincolo-strong\"><div class=\"tm-vc_general tm-vc_cta3 tm-cta3-only tm-vc_cta3-style-classic tm-vc_cta3-shape-rounded tm-vc_cta3-align-left tm-vc_cta3-color-transparent tm-vc_cta3-icon-size-md tm-vc_cta3-actions-no tm-cta3-with-desc\"><div class=\"tm-vc_cta3_content-container\"><div class=\"tm-vc_cta3-content\"><header class=\"tm-vc_cta3-content-header tm-wrap\"><div class=\"tm-vc_cta3-headers tm-wrap-cell\"><h2 style=\"font-size:28px;line-height:49px;\" class=\"tm-custom-heading tm-reset-h2-font-responsive\" >6. Alegerea Echipamentelor \u0219i Software-ului<\/h2>\n<\/div><div class=\"heading-seperator\"><span><\/span><\/div><\/header><div class=\"tm-cta3-content-wrapper\"><p>O parte esen\u021bial\u0103 a preg\u0103tirii clinicii este alegerea echipamentelor \u0219i a software-ului de administrare. Investe\u0219te \u00een echipamente de calitate care s\u0103 ofere pacien\u021bilor o prim\u0103 impresie excep\u021bional\u0103. \u00cen ceea ce prive\u0219te software-ul, alege o solu\u021bie care s\u0103 acopere toate nevoile clinicii tale, de la program\u0103ri \u0219i plat\u0103 la managementul rela\u021biilor cu pacien\u021bii \u0219i protec\u021bia datelor.<\/p><\/div><\/div><\/div><\/div><\/section><\/div> <!-- .tm-element-heading-wrapper container --> <div class=\"tm-element-heading-wrapper tm-heading-inner tm-element-align-left tm-seperator-none tm-heading-style-vertical  tm-custom-heading tm-skincolo-strong\"><section class=\"tm-vc_cta3-container tm-custom-heading tm-skincolo-strong\"><div class=\"tm-vc_general tm-vc_cta3 tm-cta3-only tm-vc_cta3-style-classic tm-vc_cta3-shape-rounded tm-vc_cta3-align-left tm-vc_cta3-color-transparent tm-vc_cta3-icon-size-md tm-vc_cta3-actions-no tm-cta3-with-desc\"><div class=\"tm-vc_cta3_content-container\"><div class=\"tm-vc_cta3-content\"><header class=\"tm-vc_cta3-content-header tm-wrap\"><div class=\"tm-vc_cta3-headers tm-wrap-cell\"><h2 style=\"font-size:28px;line-height:49px;\" class=\"tm-custom-heading tm-reset-h2-font-responsive\" >7. Transform\u0103 Ideile \u00eentr-un Plan de Afaceri<\/h2>\n<\/div><div class=\"heading-seperator\"><span><\/span><\/div><\/header><div class=\"tm-cta3-content-wrapper\"><p>Toate aceste elemente combinate \u00ee\u021bi vor oferi o imagine clar\u0103 asupra afacerii tale. Transpune ideile, obiectivele \u0219i deciziile \u00eentr-un plan de afaceri bine structurat. Include un rezumat al afacerii, definirea grupului \u021bint\u0103, analiza competi\u021biei, detalii despre echip\u0103, echipamente, strategia de marketing \u0219i proiec\u021bii financiare. Un plan bine elaborat \u00ee\u021bi va servi ca ghid \u00een procesul de \u00eenfiin\u021bare a clinicii tale.<\/p><\/div><\/div><\/div><\/div><\/section><\/div> <!-- .tm-element-heading-wrapper container --> <div class=\"tm-element-heading-wrapper tm-heading-inner tm-element-align-left tm-seperator-none tm-heading-style-vertical  tm-custom-heading tm-skincolo-strong\"><section class=\"tm-vc_cta3-container tm-custom-heading tm-skincolo-strong\"><div class=\"tm-vc_general tm-vc_cta3 tm-cta3-only tm-vc_cta3-style-classic tm-vc_cta3-shape-rounded tm-vc_cta3-align-left tm-vc_cta3-color-transparent tm-vc_cta3-icon-size-md tm-vc_cta3-actions-no tm-cta3-with-desc\"><div class=\"tm-vc_cta3_content-container\"><div class=\"tm-vc_cta3-content\"><header class=\"tm-vc_cta3-content-header tm-wrap\"><div class=\"tm-vc_cta3-headers tm-wrap-cell\"><h2 style=\"font-size:28px;line-height:49px;\" class=\"tm-custom-heading tm-reset-h2-font-responsive\" >Partenerul t\u0103u c\u0103tre Eficient\u0103 \u0219i Reu\u0219it\u0103: <strong>InteroCloud<\/strong><\/h2>\n<\/div><div class=\"heading-seperator\"><span><\/span><\/div><\/header><div class=\"tm-cta3-content-wrapper\"><p>\u00cen drumul t\u0103u c\u0103tre lansarea \u0219i gestionarea unei clinici medicale prospere, alegerea unui software eficient este cheia pentru optimizarea opera\u021biunilor.<\/p>\n<p>Sistemul pentru clinici \u0219i cabinete medicale InteroCloud se ridic\u0103 la \u00een\u0103l\u021bimea a\u0219tept\u0103rilor, oferind un set complet de func\u021bionalit\u0103\u021bi pentru a face fa\u021b\u0103 cerin\u021belor complexe ale unei clinici moderne.<\/p>\n<p>InteroCloud este un sistem bazat \u00een cloud, u\u0219or de folosit, care vine cu o implementare rapid\u0103 pentru a aduce beneficii imediate clinicii tale. Principalele func\u021bionalit\u0103\u021bi ale InteroCloud includ:<\/p>\n<ul>\n<li><strong>Agenda de Program\u0103ri Extrem de Intuitiv\u0103:<\/strong> Gestionarea program\u0103rilor devine o sarcin\u0103 u\u0219oar\u0103 cu ajutorul agendei intuitive a softului pentru clicnica InteroCloud. Program\u0103rile pot fi setate rapid \u0219i eficient, permi\u021b\u00e2nd personalului medical s\u0103 dedice mai mult timp pacien\u021bilor.<\/li>\n<li><strong>Dosarul Medical Electronic al Pacientului:<\/strong> InteroCloud ofer\u0103 un dosar medical electronic complet, asigur\u00e2nd acces rapid \u0219i securizat la informa\u021biile medicale ale pacien\u021bilor. Acest aspect contribuie semnificativ la coordonarea tratamentului \u0219i la \u00eembun\u0103t\u0103\u021birea calit\u0103\u021bii \u00eengrijirii.<\/li>\n<li><strong>Fi\u0219e de Consulta\u021bii \u0219i Formulare Personalizabile: <\/strong>Personalizarea documentelor medicale devine simpl\u0103 cu InteroCloud. Fi\u0219ele de consulta\u021bii \u0219i formularele pot fi adaptate la cerin\u021bele clinicii tale, oferind flexibilitate \u0219i eficien\u021b\u0103 \u00een procesul medical.<\/li>\n<li><strong>Trimiterea de Mesaje SMS de Reamintire a Program\u0103rilor Pacien\u021bilor:<\/strong> Reducerea absen\u021belor la program\u0103ri este esen\u021bial\u0103 pentru eficien\u021ba clinicii. InteroCloud integreaz\u0103 o op\u021biune de trimitere a mesajelor SMS de reamintire, men\u021bin\u00e2nd pacien\u021bii informa\u021bi \u0219i reduce rata de neprezentare.<\/li>\n<li><strong>Implementare Rapid\u0103 \u0219i Suport Din Partea Echipei:<\/strong> Cu InteroCloud, implementarea se realizeaz\u0103 rapid, far\u0103 a necesita eforturi suplimentare din partea personalului. \u00cen plus, echipa InteroCloud ofer\u0103 suport constant, asigurandu-se c\u0103 orice \u00eentrebare sau problem\u0103 este abordat\u0103 prompt.<\/li>\n<\/ul>\n<p>\u00cen concluzie, alegerea unui software de gestionare a clinicii medicale este esen\u021bial\u0103 pentru succesul afacerii tale. InteroCloud nu doar satisface aceast\u0103 necesitate, ci o dep\u0103\u0219e\u0219te, oferind un set de func\u021bionalit\u0103\u021bi extrem de utile \u0219i eficiente. Investi\u021bia \u00eentr-un sistem precum InteroCloud nu doar eficientizeaz\u0103 activitatea clinicii, ci contribuie \u0219i la \u00eembun\u0103t\u0103\u021birea experien\u021bei pacientului.<\/p>\n<p>Pentru a experimenta beneficiile InteroCloud, te \u00eencuraj\u0103m s\u0103 solici\u021bi o demonstra\u021bie \u0219i s\u0103 profi\u021bi de oferta de utilizare gratuit\u0103 timp de 14 zile.<\/p><\/div><\/div><\/div><\/div><\/section><\/div> <!-- .tm-element-heading-wrapper container --> <div class=\"vc_empty_space\"   style=\"height: 32px\"><span class=\"vc_empty_space_inner\"><\/span><\/div>\n\t<div class=\"wpb_text_column wpb_content_element\" >\n\t\t<div class=\"wpb_wrapper\">\n\t\t\t\n\t\t\t\t\t\t<script>\n\t\t\t\t\t\t\twindow.hsFormsOnReady = window.hsFormsOnReady || [];\n\t\t\t\t\t\t\twindow.hsFormsOnReady.push(()=>{\n\t\t\t\t\t\t\t\thbspt.forms.create({\n\t\t\t\t\t\t\t\t\tportalId: 8888347,\n\t\t\t\t\t\t\t\t\tformId: \"f5f83170-98a6-4e92-8135-4818608d09b3\",\n\t\t\t\t\t\t\t\t\ttarget: \"#hbspt-form-1776525008000-3243977924\",\n\t\t\t\t\t\t\t\t\tregion: \"na1\",\n\t\t\t\t\t\t\t\t\t\n\t\t\t\t\t\t\t})});\n\t\t\t\t\t\t<\/script>\n\t\t\t\t\t\t<div class=\"hbspt-form\" id=\"hbspt-form-1776525008000-3243977924\"><\/div>\n\n\t\t<\/div>\n\t<\/div>\n\t\t<\/div>\n\t<\/div>\n<\/div>\n\n\n\n\t\t\n\t<\/div>\n<\/div>","protected":false},"excerpt":{"rendered":"Ghid Practic: Cum s\u0103 Deschizi o Clinic\u0103 Medical\u0103 de Succes? \u00cen drumul c\u0103tre deschiderea \u0219i sus\u021binerea unei clinici medicale prospere, fiecare pas este crucial. De la definirea scopului t\u0103u ini\u021bial la alegerea software-ului de administrare, fiecare decizie contribuie la punerea bazelor unei afaceri durabile in domeniul sanata\u021bii. \u00cen cadrul acestui acest articol vom explora detaliat &hellip; <a href=\"https:\/\/www.interocloud.com\/ro\/a-guide-to-establishing-and-managing-a-medical-clinic\/\" class=\"more-link\">Continue reading <span class=\"screen-reader-text\">A Guide to Establishing and Managing a Medical Clinic<\/span><\/a>","protected":false},"author":1,"featured_media":6118,"parent":0,"menu_order":0,"comment_status":"closed","ping_status":"closed","template":"","meta":{"content-type":"","footnotes":""},"class_list":["post-6117","page","type-page","status-publish","has-post-thumbnail","hentry"],"_links":{"self":[{"href":"https:\/\/www.interocloud.com\/ro\/wp-json\/wp\/v2\/pages\/6117","targetHints":{"allow":["GET"]}}],"collection":[{"href":"https:\/\/www.interocloud.com\/ro\/wp-json\/wp\/v2\/pages"}],"about":[{"href":"https:\/\/www.interocloud.com\/ro\/wp-json\/wp\/v2\/types\/page"}],"author":[{"embeddable":true,"href":"https:\/\/www.interocloud.com\/ro\/wp-json\/wp\/v2\/users\/1"}],"replies":[{"embeddable":true,"href":"https:\/\/www.interocloud.com\/ro\/wp-json\/wp\/v2\/comments?post=6117"}],"version-history":[{"count":7,"href":"https:\/\/www.interocloud.com\/ro\/wp-json\/wp\/v2\/pages\/6117\/revisions"}],"predecessor-version":[{"id":7063,"href":"https:\/\/www.interocloud.com\/ro\/wp-json\/wp\/v2\/pages\/6117\/revisions\/7063"}],"wp:featuredmedia":[{"embeddable":true,"href":"https:\/\/www.interocloud.com\/ro\/wp-json\/wp\/v2\/media\/6118"}],"wp:attachment":[{"href":"https:\/\/www.interocloud.com\/ro\/wp-json\/wp\/v2\/media?parent=6117"}],"curies":[{"name":"wp","href":"https:\/\/api.w.org\/{rel}","templated":true}]}}