{"id":6079,"date":"2024-01-24T17:26:54","date_gmt":"2024-01-24T17:26:54","guid":{"rendered":"https:\/\/www.interocloud.com\/?page_id=6079"},"modified":"2025-01-27T12:33:09","modified_gmt":"2025-01-27T12:33:09","slug":"ghid-functionalitati-esentiale-atunci-cand-cauti-un-soft-pentru-clinica-de-recuperare-medicala","status":"publish","type":"page","link":"https:\/\/www.interocloud.com\/ro\/best-features-to-look-for-in-an-ehr-for-chiropractors\/","title":{"rendered":"Best Features To Look For in an EHR for Chiropractors"},"content":{"rendered":"<div class=\"wpb-content-wrapper\"><div class=\"tm-row wpb_row vc_row-fluid tm-zindex-0 vc_row container tm-bgimage-position-center_center\">\n\n\t\t\n\t\t\n\t\t\n\n<div class=\"wpb_column tm-column vc_column_container vc_col-sm-12 tm-zindex-0\">\n\t<div class=\"vc_column-inner\">\n\t\t\t\t<div class=\"wpb_wrapper\">\n\t\t\t<div class=\"vc_empty_space\"   style=\"height: 60px\"><span class=\"vc_empty_space_inner\"><\/span><\/div><div class=\"tm-element-heading-wrapper tm-heading-inner tm-element-align-left tm-seperator-none tm-heading-style-vertical  tm-custom-heading tm-skincolo-strong\"><section class=\"tm-vc_cta3-container tm-custom-heading tm-skincolo-strong\"><div class=\"tm-vc_general tm-vc_cta3 tm-cta3-only tm-vc_cta3-style-classic tm-vc_cta3-shape-rounded tm-vc_cta3-align-left tm-vc_cta3-color-transparent tm-vc_cta3-icon-size-md tm-vc_cta3-actions-no tm-cta3-with-desc\"><div class=\"tm-vc_cta3_content-container\"><div class=\"tm-vc_cta3-content\"><header class=\"tm-vc_cta3-content-header tm-wrap\"><div class=\"tm-vc_cta3-headers tm-wrap-cell\"><h2 style=\"font-size:40px;line-height:49px;\" class=\"tm-custom-heading tm-reset-h2-font-responsive\" >Ghid: Func\u021bionalit\u0103\u021bi Esen\u021biale Atunci C\u00e2nd Cau\u021bi Un<br \/>\n<strong> Soft Pentru Clinica de Recuperare<\/strong><\/h2>\n<\/div><div class=\"heading-seperator\"><span><\/span><\/div><\/header><div class=\"tm-cta3-content-wrapper\"><p>Administrezi o clinic\u0103 de recuperare medical\u0103 \u0219i nu mai faci fa\u021b\u0103 haosului \u00eenregistr\u0103rilor pe h\u00e2rtie ale pacien\u021bilor? Este momentul potrivit s\u0103 \u00eembr\u0103\u021bi\u0219ezi o alternativ\u0103 digital\u0103 care redefine\u0219te arena medical\u0103. InteroCloud, revolu\u021bioneaz\u0103 clinicile de recuperare medical\u0103, salv\u00e2nd timpul pierdut cu sarcini administrative, permi\u021b\u00e2nd personalului s\u0103 se concentreze pe ce este cel mai important: s\u0103 ofere servicii optime pacien\u021bilor.<\/p>\n<p>\u00centr-o lume care adopt\u0103 rapid digitalizarea, trecerea la un registru electronic de s\u0103n\u0103tate este crucial\u0103. Importan\u021ba implementariii unui astfel de sistem pentru clinici nu se limiteaz\u0103 doar la spitale, extinz\u00e2ndu-se \u0219i la clinicile de recuperare medical\u0103, cabinete de kinetoterapie, etc.<\/p>\n<p>\u00cen aceast\u0103 discu\u021bie, explor\u0103m caracteristicile esen\u021biale pe care ar trebui s\u0103 le c\u0103uta\u021bi la software-ul pentru clinic\u0103, subliniind necesitatea trecerii de la \u00eenregistr\u0103ri pe h\u00e2rtie la o alternativ\u0103 modern\u0103 \u0219i mai eficient\u0103.<\/p><\/div><\/div><\/div><\/div><\/section><\/div> <!-- .tm-element-heading-wrapper container --> \t\t<\/div>\n\t<\/div>\n<\/div>\n\n\n\n\t\t\n\t<\/div>\n\n\n\n\n\n\n\n\n\n\n\n<div class=\"tm-row wpb_row vc_row-fluid tm-zindex-0 vc_row container tm-bgimage-position-center_center\">\n\n\t\t\n\t\t\n\t\t\n\n<div class=\"wpb_column tm-column vc_column_container vc_col-sm-12 tm-zindex-0\">\n\t<div class=\"vc_column-inner\">\n\t\t\t\t<div class=\"wpb_wrapper\">\n\t\t\t\n\t<div  class=\"wpb_single_image wpb_content_element vc_align_left wpb_content_element vc_custom_1706120742125  tm-pattern-bg\">\n\t\t\n\t\t<figure class=\"wpb_wrapper vc_figure\">\n\t\t\t<div class=\"vc_single_image-wrapper vc_box_shadow_3d  vc_box_border_grey\"><img fetchpriority=\"high\" decoding=\"async\" width=\"1024\" height=\"648\" src=\"https:\/\/www.interocloud.com\/wp-content\/uploads\/2024\/01\/soft-clinica-recuperare.png\" class=\"vc_single_image-img attachment-full\" alt=\"\" title=\"soft clinica recuperare\" srcset=\"https:\/\/www.interocloud.com\/wp-content\/uploads\/2024\/01\/soft-clinica-recuperare.png 1024w, https:\/\/www.interocloud.com\/wp-content\/uploads\/2024\/01\/soft-clinica-recuperare-300x190.png 300w, https:\/\/www.interocloud.com\/wp-content\/uploads\/2024\/01\/soft-clinica-recuperare-768x486.png 768w, https:\/\/www.interocloud.com\/wp-content\/uploads\/2024\/01\/soft-clinica-recuperare-18x12.png 18w\" sizes=\"(max-width: 1024px) 100vw, 1024px\" data-id=\"6081\"><\/div>\n\t\t<\/figure>\n\t<\/div>\n<div class=\"tm-element-heading-wrapper tm-heading-inner tm-element-align-left tm-seperator-none tm-heading-style-vertical  tm-custom-heading tm-skincolo-strong\"><section class=\"tm-vc_cta3-container tm-custom-heading tm-skincolo-strong\"><div class=\"tm-vc_general tm-vc_cta3 tm-cta3-only tm-vc_cta3-style-classic tm-vc_cta3-shape-rounded tm-vc_cta3-align-left tm-vc_cta3-color-transparent tm-vc_cta3-icon-size-md tm-vc_cta3-actions-no tm-cta3-with-desc\"><div class=\"tm-vc_cta3_content-container\"><div class=\"tm-vc_cta3-content\"><header class=\"tm-vc_cta3-content-header tm-wrap\"><div class=\"tm-vc_cta3-headers tm-wrap-cell\"><h2 style=\"font-size:28px;line-height:49px;\" class=\"tm-custom-heading tm-reset-h2-font-responsive\" >1. Sistem Integrat<\/h2>\n<\/div><div class=\"heading-seperator\"><span><\/span><\/div><\/header><div class=\"tm-cta3-content-wrapper\"><p>Managementul integrat al clinicii de recuperare, se eviden\u021biaz\u0103 ca o caracteristic\u0103 crucial\u0103 pentru cei care caut\u0103 eficien\u021b\u0103. Aceast\u0103 func\u021bionalitate asigur\u0103 o coordonare f\u0103r\u0103 probleme \u00eentre aspectele clinice \u0219i administrative, combin\u00e2nd capacit\u0103\u021bile de management administrativ \u0219i un registru electronic de s\u0103n\u0103tate \u00eentr-un sistem unitar. InteroCloud te ajut\u0103 s\u0103 gestionezi cu u\u0219urin\u021b\u0103 program\u0103rile, \u00eenregistr\u0103rile pacien\u021bilor \u00een format electronic, reduc\u00e2nd sarcinile administrative \u0219i \u00eembun\u0103t\u0103\u021bind eficien\u021ba general\u0103 din cadrul clinicii.<\/p><\/div><\/div><\/div><\/div><\/section><\/div> <!-- .tm-element-heading-wrapper container --> \t\t<\/div>\n\t<\/div>\n<\/div>\n\n\n\n\t\t\n\t<\/div>\n\n\n\n\n\n\n\n\n\n\n\n<div class=\"tm-row wpb_row vc_row-fluid tm-zindex-0 vc_row container tm-bgimage-position-center_center\">\n\n\t\t\n\t\t\n\t\t\n\n<div class=\"wpb_column tm-column vc_column_container vc_col-sm-12 tm-zindex-0\">\n\t<div class=\"vc_column-inner\">\n\t\t\t\t<div class=\"wpb_wrapper\">\n\t\t\t<div class=\"tm-element-heading-wrapper tm-heading-inner tm-element-align-left tm-seperator-none tm-heading-style-vertical  tm-custom-heading tm-skincolo-strong\"><section class=\"tm-vc_cta3-container tm-custom-heading tm-skincolo-strong\"><div class=\"tm-vc_general tm-vc_cta3 tm-cta3-only tm-vc_cta3-style-classic tm-vc_cta3-shape-rounded tm-vc_cta3-align-left tm-vc_cta3-color-transparent tm-vc_cta3-icon-size-md tm-vc_cta3-actions-no tm-cta3-with-desc\"><div class=\"tm-vc_cta3_content-container\"><div class=\"tm-vc_cta3-content\"><header class=\"tm-vc_cta3-content-header tm-wrap\"><div class=\"tm-vc_cta3-headers tm-wrap-cell\"><h2 style=\"font-size:28px;line-height:49px;\" class=\"tm-custom-heading tm-reset-h2-font-responsive\" >2. Agend\u0103 Program\u0103ri Eficient\u0103 si U\u0219or de Folosit<\/h2>\n<\/div><div class=\"heading-seperator\"><span><\/span><\/div><\/header><div class=\"tm-cta3-content-wrapper\"><p>Instrumentele eficiente de programare sunt esen\u021biale pentru cei care doresc s\u0103 optimizeze program\u0103rile pacien\u021bilor \u0219i fluxurile de lucru zilnice. InteroCloud ofer\u0103 o func\u021bionalitate de programare fiabil\u0103 \u0219i intuitiv\u0103, permi\u021b\u00e2nd personalizarea tipurilor de programare, a duratei \u0219i a resurselor. Integrarea notific\u0103rilor automate prin mesaje SMS pentru reamintire a program\u0103rilor reduce absen\u021bele, cresc\u00e2nd angajamentul pacientului \u0219i eficien\u021ba general\u0103 a opera\u021biunilor.<\/p><\/div><\/div><\/div><\/div><\/section><\/div> <!-- .tm-element-heading-wrapper container --> \t\t<\/div>\n\t<\/div>\n<\/div>\n\n\n\n\t\t\n\t<\/div>\n\n\n\n\n\n\n\n\n\n\n\n<div class=\"tm-row wpb_row vc_row-fluid tm-zindex-0 vc_row container tm-bgimage-position-center_center\">\n\n\t\t\n\t\t\n\t\t\n\n<div class=\"wpb_column tm-column vc_column_container vc_col-sm-12 tm-zindex-0\">\n\t<div class=\"vc_column-inner\">\n\t\t\t\t<div class=\"wpb_wrapper\">\n\t\t\t<div class=\"tm-element-heading-wrapper tm-heading-inner tm-element-align-left tm-seperator-none tm-heading-style-vertical  tm-custom-heading tm-skincolo-strong\"><section class=\"tm-vc_cta3-container tm-custom-heading tm-skincolo-strong\"><div class=\"tm-vc_general tm-vc_cta3 tm-cta3-only tm-vc_cta3-style-classic tm-vc_cta3-shape-rounded tm-vc_cta3-align-left tm-vc_cta3-color-transparent tm-vc_cta3-icon-size-md tm-vc_cta3-actions-no tm-cta3-with-desc\"><div class=\"tm-vc_cta3_content-container\"><div class=\"tm-vc_cta3-content\"><header class=\"tm-vc_cta3-content-header tm-wrap\"><div class=\"tm-vc_cta3-headers tm-wrap-cell\"><h2 style=\"font-size:28px;line-height:49px;\" class=\"tm-custom-heading tm-reset-h2-font-responsive\" >3. Fi\u0219e \u0219i Formulare Personalizabile<\/h2>\n<\/div><div class=\"heading-seperator\"><span><\/span><\/div><\/header><div class=\"tm-cta3-content-wrapper\"><p>\u00centr-un registru electronic de s\u0103n\u0103tate, un instrument de notare prietenos \u0219i eficient este indispensabil. Instrumentul intuitiv de notare <span class=\"word\" data-words=\"al,\u0103l\">al<\/span> InteroCloud permite crearea \u0219i personalizarea de fi\u0219e \u0219i formulare specifice, astfel \u00eenc\u00e2t medicii <span class=\"word\" data-words=\"sau,s\u0103u,\u0219au\">sau<\/span> terapeu\u021bii s\u0103 nu fie nevoi\u021bi s\u0103 schimbe tipul de documente cu care erau obi\u0219nui\u021bi, f\u0103c\u00e2nd trecerea de <span class=\"word\" data-words=\"la,l\u0103\">la<\/span> un sistem pe h\u00e2rtie <span class=\"word\" data-words=\"la,l\u0103\">la<\/span> unul digital extrem de u\u0219oar\u0103. Se pot ad\u0103uga pe documente tot felul de c\u00e2mpuri care pot fi ulterior completate electronic <span class=\"word\" data-words=\"sau,s\u0103u,\u0219au\">sau<\/span> care vor fi precompletate, inclusiv informa\u021bii despre pacient, istoric, note, proceduri medicale, recomand\u0103ri, etc.<\/p><\/div><\/div><\/div><\/div><\/section><\/div> <!-- .tm-element-heading-wrapper container --> <div class=\"tm-element-heading-wrapper tm-heading-inner tm-element-align-left tm-seperator-none tm-heading-style-vertical  tm-custom-heading tm-skincolo-strong\"><section class=\"tm-vc_cta3-container tm-custom-heading tm-skincolo-strong\"><div class=\"tm-vc_general tm-vc_cta3 tm-cta3-only tm-vc_cta3-style-classic tm-vc_cta3-shape-rounded tm-vc_cta3-align-left tm-vc_cta3-color-transparent tm-vc_cta3-icon-size-md tm-vc_cta3-actions-no tm-cta3-with-desc\"><div class=\"tm-vc_cta3_content-container\"><div class=\"tm-vc_cta3-content\"><header class=\"tm-vc_cta3-content-header tm-wrap\"><div class=\"tm-vc_cta3-headers tm-wrap-cell\"><h2 style=\"font-size:28px;line-height:49px;\" class=\"tm-custom-heading tm-reset-h2-font-responsive\" >4. Design Intuitiv<\/h2>\n<\/div><div class=\"heading-seperator\"><span><\/span><\/div><\/header><div class=\"tm-cta3-content-wrapper\"><p>Un software de top pentru pentru clinici, precum InteroCloud, ofer\u0103 o interfa\u021b\u0103 prietenoas\u0103, organizare logic\u0103 a func\u021biilor \u0219i introducere simpl\u0103 a datelor. Acest design \u00eembun\u0103t\u0103\u021be\u0219te productivitatea, asigur\u00e2ndu-se c\u0103 at\u00e2t utilizatorii experimenta\u021bi, c\u00e2t \u0219i cei noi privind astfel de\u00a0 sistemele pentru clinici, pot utiliza eficient software-ul.<\/p><\/div><\/div><\/div><\/div><\/section><\/div> <!-- .tm-element-heading-wrapper container --> <div class=\"tm-element-heading-wrapper tm-heading-inner tm-element-align-left tm-seperator-none tm-heading-style-vertical  tm-custom-heading tm-skincolo-strong\"><section class=\"tm-vc_cta3-container tm-custom-heading tm-skincolo-strong\"><div class=\"tm-vc_general tm-vc_cta3 tm-cta3-only tm-vc_cta3-style-classic tm-vc_cta3-shape-rounded tm-vc_cta3-align-left tm-vc_cta3-color-transparent tm-vc_cta3-icon-size-md tm-vc_cta3-actions-no tm-cta3-with-desc\"><div class=\"tm-vc_cta3_content-container\"><div class=\"tm-vc_cta3-content\"><header class=\"tm-vc_cta3-content-header tm-wrap\"><div class=\"tm-vc_cta3-headers tm-wrap-cell\"><h2 style=\"font-size:28px;line-height:49px;\" class=\"tm-custom-heading tm-reset-h2-font-responsive\" >5. Raport Pre\u021b vs Eficient\u0103<\/h2>\n<\/div><div class=\"heading-seperator\"><span><\/span><\/div><\/header><div class=\"tm-cta3-content-wrapper\"><p>Evaluarea costului implement\u0103rii unui sistem pentru clinici este crucial\u0103 pentru acestea. InteroCloud ofer\u0103 cel mai bun raport cost versus eficien\u021b\u0103, f\u0103r\u0103 a compromite calitatea serviciului oferit, optimiz\u00e2nd gestionarea activit\u0103\u021bii \u0219i \u00eembun\u0103t\u0103\u021bind productivitatea, f\u0103r\u0103 a dep\u0103\u0219i bugetul.<\/p><\/div><\/div><\/div><\/div><\/section><\/div> <!-- .tm-element-heading-wrapper container --> <div class=\"tm-element-heading-wrapper tm-heading-inner tm-element-align-left tm-seperator-none tm-heading-style-vertical  tm-custom-heading tm-skincolo-strong\"><section class=\"tm-vc_cta3-container tm-custom-heading tm-skincolo-strong\"><div class=\"tm-vc_general tm-vc_cta3 tm-cta3-only tm-vc_cta3-style-classic tm-vc_cta3-shape-rounded tm-vc_cta3-align-left tm-vc_cta3-color-transparent tm-vc_cta3-icon-size-md tm-vc_cta3-actions-no tm-cta3-with-desc\"><div class=\"tm-vc_cta3_content-container\"><div class=\"tm-vc_cta3-content\"><header class=\"tm-vc_cta3-content-header tm-wrap\"><div class=\"tm-vc_cta3-headers tm-wrap-cell\"><h2 style=\"font-size:28px;line-height:49px;\" class=\"tm-custom-heading tm-reset-h2-font-responsive\" >6. Suport Excep\u021bional pentru Clien\u021bi<\/h2>\n<\/div><div class=\"heading-seperator\"><span><\/span><\/div><\/header><div class=\"tm-cta3-content-wrapper\"><p>Un suport excep\u021bional pentru clien\u021bi este fundamentul celui mai bun software pentru clinici. InteroCloud asigur\u0103 suport accesibil prin diverse canale, oferind asisten\u021b\u0103 prompt\u0103 pentru a men\u021bine buna desf\u0103\u0219urare a activit\u0103\u021bii.<\/p><\/div><\/div><\/div><\/div><\/section><\/div> <!-- .tm-element-heading-wrapper container --> <div class=\"tm-element-heading-wrapper tm-heading-inner tm-element-align-left tm-seperator-none tm-heading-style-vertical  tm-custom-heading tm-skincolo-strong\"><section class=\"tm-vc_cta3-container tm-custom-heading tm-skincolo-strong\"><div class=\"tm-vc_general tm-vc_cta3 tm-cta3-only tm-vc_cta3-style-classic tm-vc_cta3-shape-rounded tm-vc_cta3-align-left tm-vc_cta3-color-transparent tm-vc_cta3-icon-size-md tm-vc_cta3-actions-no tm-cta3-with-desc\"><div class=\"tm-vc_cta3_content-container\"><div class=\"tm-vc_cta3-content\"><header class=\"tm-vc_cta3-content-header tm-wrap\"><div class=\"tm-vc_cta3-headers tm-wrap-cell\"><h2 style=\"font-size:28px;line-height:49px;\" class=\"tm-custom-heading tm-reset-h2-font-responsive\" >8. Accesibil Online, De Pe Orice Dispozitiv<\/h2>\n<\/div><div class=\"heading-seperator\"><span><\/span><\/div><\/header><div class=\"tm-cta3-content-wrapper\"><p>InteroCloud este un sistem pentru clinici bazat \u00een cloud, permi\u021b\u00e2nd utilizatorilor s\u0103 acceseze \u00eenregistr\u0103rile pacien\u021bilor de pe orice dispozitiv (desktop, tablet\u0103, smartphone), de oriunde, at\u00e2ta timp c\u00e2t exis\u0103a o conexiune la internet. Aceast\u0103 comoditate \u00eembun\u0103t\u0103\u021be\u0219te serviciile de \u00eengrijire a pacientului, prin furnizarea de acces rapid la informa\u021bii critice. De asemenea, stocarea \u00een cloud este extrem de sigur\u0103, protej\u00e2nd datele pacientului \u00eempotriva pierderii sau furtului fizic.<\/p><\/div><\/div><\/div><\/div><\/section><\/div> <!-- .tm-element-heading-wrapper container --> <div class=\"vc_empty_space\"   style=\"height: 32px\"><span class=\"vc_empty_space_inner\"><\/span><\/div><div class=\"tm-element-heading-wrapper tm-heading-inner tm-element-align-left tm-seperator-none tm-heading-style-vertical  tm-custom-heading tm-skincolo-strong\"><section class=\"tm-vc_cta3-container tm-custom-heading tm-skincolo-strong\"><div class=\"tm-vc_general tm-vc_cta3 tm-cta3-only tm-vc_cta3-style-classic tm-vc_cta3-shape-rounded tm-vc_cta3-align-left tm-vc_cta3-color-transparent tm-vc_cta3-icon-size-md tm-vc_cta3-actions-no tm-cta3-without-desc\"><div class=\"tm-vc_cta3_content-container\"><div class=\"tm-vc_cta3-content\"><header class=\"tm-vc_cta3-content-header tm-wrap\"><div class=\"tm-vc_cta3-headers tm-wrap-cell\"><h2 style=\"font-size:28px;line-height:49px;\" class=\"tm-custom-heading tm-reset-h2-font-responsive\" >Programeaz\u0103 un demo! <strong>Afl\u0103 mai multe despre InteroCloud!<\/strong><\/h2>\n<\/div><div class=\"heading-seperator\"><span><\/span><\/div><\/header><\/div><\/div><\/div><\/section><\/div> <!-- .tm-element-heading-wrapper container --> \n\t<div class=\"wpb_text_column wpb_content_element\" >\n\t\t<div class=\"wpb_wrapper\">\n\t\t\t<p>Echipat cu caracteristici esen\u021biale pentru func\u021bionare eficient\u0103, InteroCloud reprezint\u0103 solu\u021bia complet\u0103 pentru clinicile de recuperare. De la un sistem de management integrat, agend\u0103 intuitiv\u0103 de gestionare a program\u0103rilor (cu trimitere automat\u0103 de mesaje SMS de reamintire), fi\u0219e \u0219i formulare personalizabile \u0219i p\u00e2n\u0103 la generarea de rapoarte \u0219i statistici, InteroCloud asigur\u0103 o c\u0103l\u0103torie spre digitalizare f\u0103r\u0103 probleme. F\u0103 primul pas c\u0103tre digitalizare cu InteroCloud solicit\u00e2nd acum o demonstra\u021bie!<\/p>\n\n\t\t<\/div>\n\t<\/div>\n\n\t<div class=\"wpb_text_column wpb_content_element\" >\n\t\t<div class=\"wpb_wrapper\">\n\t\t\t\n\t\t\t\t\t\t<script>\n\t\t\t\t\t\t\twindow.hsFormsOnReady = window.hsFormsOnReady || [];\n\t\t\t\t\t\t\twindow.hsFormsOnReady.push(()=>{\n\t\t\t\t\t\t\t\thbspt.forms.create({\n\t\t\t\t\t\t\t\t\tportalId: 8888347,\n\t\t\t\t\t\t\t\t\tformId: \"f5f83170-98a6-4e92-8135-4818608d09b3\",\n\t\t\t\t\t\t\t\t\ttarget: \"#hbspt-form-1776524803000-1003580118\",\n\t\t\t\t\t\t\t\t\tregion: \"na1\",\n\t\t\t\t\t\t\t\t\t\n\t\t\t\t\t\t\t})});\n\t\t\t\t\t\t<\/script>\n\t\t\t\t\t\t<div class=\"hbspt-form\" id=\"hbspt-form-1776524803000-1003580118\"><\/div>\n\n\t\t<\/div>\n\t<\/div>\n\t\t<\/div>\n\t<\/div>\n<\/div>\n\n\n\n\t\t\n\t<\/div>\n<\/div>","protected":false},"excerpt":{"rendered":"Ghid: Func\u021bionalit\u0103\u021bi Esen\u021biale Atunci C\u00e2nd Cau\u021bi Un Soft Pentru Clinica de Recuperare Administrezi o clinic\u0103 de recuperare medical\u0103 \u0219i nu mai faci fa\u021b\u0103 haosului \u00eenregistr\u0103rilor pe h\u00e2rtie ale pacien\u021bilor? Este momentul potrivit s\u0103 \u00eembr\u0103\u021bi\u0219ezi o alternativ\u0103 digital\u0103 care redefine\u0219te arena medical\u0103. InteroCloud, revolu\u021bioneaz\u0103 clinicile de recuperare medical\u0103, salv\u00e2nd timpul pierdut cu sarcini administrative, permi\u021b\u00e2nd personalului &hellip; <a href=\"https:\/\/www.interocloud.com\/ro\/best-features-to-look-for-in-an-ehr-for-chiropractors\/\" class=\"more-link\">Continue reading <span class=\"screen-reader-text\">Best Features To Look For in an EHR for Chiropractors<\/span><\/a>","protected":false},"author":1,"featured_media":6081,"parent":0,"menu_order":0,"comment_status":"closed","ping_status":"closed","template":"","meta":{"content-type":"","footnotes":""},"class_list":["post-6079","page","type-page","status-publish","has-post-thumbnail","hentry"],"_links":{"self":[{"href":"https:\/\/www.interocloud.com\/ro\/wp-json\/wp\/v2\/pages\/6079","targetHints":{"allow":["GET"]}}],"collection":[{"href":"https:\/\/www.interocloud.com\/ro\/wp-json\/wp\/v2\/pages"}],"about":[{"href":"https:\/\/www.interocloud.com\/ro\/wp-json\/wp\/v2\/types\/page"}],"author":[{"embeddable":true,"href":"https:\/\/www.interocloud.com\/ro\/wp-json\/wp\/v2\/users\/1"}],"replies":[{"embeddable":true,"href":"https:\/\/www.interocloud.com\/ro\/wp-json\/wp\/v2\/comments?post=6079"}],"version-history":[{"count":7,"href":"https:\/\/www.interocloud.com\/ro\/wp-json\/wp\/v2\/pages\/6079\/revisions"}],"predecessor-version":[{"id":7067,"href":"https:\/\/www.interocloud.com\/ro\/wp-json\/wp\/v2\/pages\/6079\/revisions\/7067"}],"wp:featuredmedia":[{"embeddable":true,"href":"https:\/\/www.interocloud.com\/ro\/wp-json\/wp\/v2\/media\/6081"}],"wp:attachment":[{"href":"https:\/\/www.interocloud.com\/ro\/wp-json\/wp\/v2\/media?parent=6079"}],"curies":[{"name":"wp","href":"https:\/\/api.w.org\/{rel}","templated":true}]}}