{"id":6038,"date":"2024-01-20T10:18:32","date_gmt":"2024-01-20T10:18:32","guid":{"rendered":"https:\/\/www.interocloud.com\/?page_id=6038"},"modified":"2025-01-27T12:45:24","modified_gmt":"2025-01-27T12:45:24","slug":"cum-alegi-cel-mai-potrivit-soft-pentru-clinica-ta","status":"publish","type":"page","link":"https:\/\/www.interocloud.com\/ro\/how-to-choose-the-right-practice-management-software-for-your-clinic\/","title":{"rendered":"How to Choose The Right Practice Management Software for Your Clinic?"},"content":{"rendered":"<div class=\"wpb-content-wrapper\"><div class=\"tm-row wpb_row vc_row-fluid tm-zindex-0 vc_row container tm-bgimage-position-center_center\">\n\n\t\t\n\t\t\n\t\t\n\n<div class=\"wpb_column tm-column vc_column_container vc_col-sm-12 tm-zindex-0\">\n\t<div class=\"vc_column-inner\">\n\t\t\t\t<div class=\"wpb_wrapper\">\n\t\t\t<div class=\"vc_empty_space\"   style=\"height: 120px\"><span class=\"vc_empty_space_inner\"><\/span><\/div><div class=\"tm-element-heading-wrapper tm-heading-inner tm-element-align-left tm-seperator-none tm-heading-style-vertical  tm-custom-heading tm-skincolo-strong\"><section class=\"tm-vc_cta3-container tm-custom-heading tm-skincolo-strong\"><div class=\"tm-vc_general tm-vc_cta3 tm-cta3-only tm-vc_cta3-style-classic tm-vc_cta3-shape-rounded tm-vc_cta3-align-left tm-vc_cta3-color-transparent tm-vc_cta3-icon-size-md tm-vc_cta3-actions-no tm-cta3-with-desc\"><div class=\"tm-vc_cta3_content-container\"><div class=\"tm-vc_cta3-content\"><header class=\"tm-vc_cta3-content-header tm-wrap\"><div class=\"tm-vc_cta3-headers tm-wrap-cell\"><h2 style=\"font-size:40px;line-height:49px;\" class=\"tm-custom-heading tm-reset-h2-font-responsive\" >Cum Alegi Cel mai Potrivit <strong> Soft Pentru Clinica Ta?<\/strong><\/h2>\n<\/div><div class=\"heading-seperator\"><span><\/span><\/div><\/header><div class=\"tm-cta3-content-wrapper\"><p>Fie c\u0103 porne\u0219ti de la zero sau \u00ee\u021bi schimbi furnizorul, alegerea unui pentru clinica medical\u0103 nu este deloc u\u0219oar\u0103. Soft-ul pentru clinic\u0103 trebuie s\u0103 simplifice fluxurile de lucru solicitante \u0219i s\u0103 eficientizeze gestionarea program\u0103rilor, astfel \u00eenc\u00e2t s\u0103 te po\u021bi concentra pe furnizarea de \u00eengrijire medical\u0103 de calitate.<\/p><\/div><\/div><\/div><\/div><\/section><\/div> <!-- .tm-element-heading-wrapper container --> \t\t<\/div>\n\t<\/div>\n<\/div>\n\n\n\n\t\t\n\t<\/div>\n\n\n\n\n\n\n\n\n\n\n\n<div class=\"tm-row wpb_row vc_row-fluid tm-zindex-0 vc_row container tm-bgimage-position-center_center\">\n\n\t\t\n\t\t\n\t\t\n\n<div class=\"wpb_column tm-column vc_column_container vc_col-sm-12 tm-zindex-0\">\n\t<div class=\"vc_column-inner\">\n\t\t\t\t<div class=\"wpb_wrapper\">\n\t\t\t\n\t<div  class=\"wpb_single_image wpb_content_element vc_align_left wpb_content_element vc_custom_1705782133107  tm-pattern-bg\">\n\t\t\n\t\t<figure class=\"wpb_wrapper vc_figure\">\n\t\t\t<div class=\"vc_single_image-wrapper vc_box_shadow_3d  vc_box_border_grey\"><img fetchpriority=\"high\" decoding=\"async\" width=\"1024\" height=\"684\" src=\"https:\/\/www.interocloud.com\/wp-content\/uploads\/2024\/01\/The-Right-Practice-Management-Software.png\" class=\"vc_single_image-img attachment-full\" alt=\"\" title=\"The Right Practice Management Software\" srcset=\"https:\/\/www.interocloud.com\/wp-content\/uploads\/2024\/01\/The-Right-Practice-Management-Software.png 1024w, https:\/\/www.interocloud.com\/wp-content\/uploads\/2024\/01\/The-Right-Practice-Management-Software-300x200.png 300w, https:\/\/www.interocloud.com\/wp-content\/uploads\/2024\/01\/The-Right-Practice-Management-Software-768x513.png 768w, https:\/\/www.interocloud.com\/wp-content\/uploads\/2024\/01\/The-Right-Practice-Management-Software-18x12.png 18w\" sizes=\"(max-width: 1024px) 100vw, 1024px\" data-id=\"6066\"><\/div>\n\t\t<\/figure>\n\t<\/div>\n<div class=\"vc_empty_space\"   style=\"height: 32px\"><span class=\"vc_empty_space_inner\"><\/span><\/div>\n\t<div class=\"wpb_text_column wpb_content_element\" >\n\t\t<div class=\"wpb_wrapper\">\n\t\t\t<p>Dar de unde s\u0103 \u00eencepi? Cheia g\u0103sirii unui software pentru clinica medical\u0103 care s\u0103 se potriveasc\u0103 cerin\u021belor tale unice este s\u0103 ajungi la esen\u021ba a ceea ce ai nevoie \u0219i de ce. Porne\u0219te c\u0103utarea sistemului perfect pun\u00e2ndu-\u021bi aceste \u00eentreb\u0103ri simple:<\/p>\n\n\t\t<\/div>\n\t<\/div>\n<div class=\"tm-element-heading-wrapper tm-heading-inner tm-element-align-left tm-seperator-none tm-heading-style-vertical  tm-custom-heading tm-skincolo-strong\"><section class=\"tm-vc_cta3-container tm-custom-heading tm-skincolo-strong\"><div class=\"tm-vc_general tm-vc_cta3 tm-cta3-only tm-vc_cta3-style-classic tm-vc_cta3-shape-rounded tm-vc_cta3-align-left tm-vc_cta3-color-transparent tm-vc_cta3-icon-size-md tm-vc_cta3-actions-no tm-cta3-with-desc\"><div class=\"tm-vc_cta3_content-container\"><div class=\"tm-vc_cta3-content\"><header class=\"tm-vc_cta3-content-header tm-wrap\"><div class=\"tm-vc_cta3-headers tm-wrap-cell\"><h2 style=\"font-size:28px;line-height:49px;\" class=\"tm-custom-heading tm-reset-h2-font-responsive\" >1. De ce am nevoie de un soft pentru clinic\u0103 sau pentru cabinetul meu?<\/h2>\n<\/div><div class=\"heading-seperator\"><span><\/span><\/div><\/header><div class=\"tm-cta3-content-wrapper\"><p>Aceasta este prima \u00eentrebare la care trebuie s\u0103 r\u0103spunzi atunci c\u00e2nd iei \u00een considerare un sistem de gestionare a program\u0103rilor \u0219i a datelor pacien\u021bilor. Ce probleme inten\u021bionezi s\u0103 rezolvi pentru echipa ta cu acest nou software? Trebuie s\u0103 merite efortul \u0219i banii. Odat\u0103 ce ai con\u0219tientizat provoc\u0103rile cu care te confrun\u021bi, va fi mai u\u0219or s\u0103 afli dac\u0103 un sistem le poate rezolva. Ia \u00een considerare urm\u0103toarele:<\/p>\n<ul>\n<li>Actualul mod de lucru este greoi?<\/li>\n<li>Ai probleme cu reten\u021bia pacien\u021bilor?<\/li>\n<li>Lucrezi cu mai multe sisteme?<\/li>\n<li>\u00cen prezent, sunt datele pacien\u021bilor p\u0103strate \u00een siguran\u021b\u0103?<\/li>\n<li>Func\u021bioneaz\u0103 \u00een prezent modul de lucru pentru personalul remote c\u00e2t \u0219i pentru cel de la clinic\u0103?<\/li>\n<li>Pierzi mult timp confirm\u00e2nd program\u0103rile?<\/li>\n<li>Ai o rat\u0103 de neprezentare crescut\u0103, pentru c\u0103 pacien\u021bii t\u0103i uit\u0103 de programare?<\/li>\n<\/ul>\n<p>R\u0103spunz\u00e2nd la aceste \u00eentreb\u0103ri te va ajuta s\u0103 afli exact ce \u00ee\u021bi dore\u0219ti de la softul de management pentru clinica sau cabinetul t\u0103u medical.<\/p><\/div><\/div><\/div><\/div><\/section><\/div> <!-- .tm-element-heading-wrapper container --> <div class=\"tm-element-heading-wrapper tm-heading-inner tm-element-align-left tm-seperator-none tm-heading-style-vertical  tm-custom-heading tm-skincolo-strong\"><section class=\"tm-vc_cta3-container tm-custom-heading tm-skincolo-strong\"><div class=\"tm-vc_general tm-vc_cta3 tm-cta3-only tm-vc_cta3-style-classic tm-vc_cta3-shape-rounded tm-vc_cta3-align-left tm-vc_cta3-color-transparent tm-vc_cta3-icon-size-md tm-vc_cta3-actions-no tm-cta3-with-desc\"><div class=\"tm-vc_cta3_content-container\"><div class=\"tm-vc_cta3-content\"><header class=\"tm-vc_cta3-content-header tm-wrap\"><div class=\"tm-vc_cta3-headers tm-wrap-cell\"><h2 style=\"font-size:28px;line-height:49px;\" class=\"tm-custom-heading tm-reset-h2-font-responsive\" >2. M\u0103 va ajuta acest sistem pentru clinic\u0103?<\/h2>\n<\/div><div class=\"heading-seperator\"><span><\/span><\/div><\/header><div class=\"tm-cta3-content-wrapper\"><p>Un sistem de management pentru clinic\u0103 poate p\u0103rea o investi\u021bie semnificativ\u0103, dar are poten\u021bialul de a transforma modul \u00een care func\u021bioneaz\u0103 clinica ta \u00een bine. Un sistem bun ar trebui s\u0103 fie scalabil, s\u0103 te ajute s\u0103 salvezi timp, s\u0103 creasc\u0103 productivitatea \u0219i s\u0103 men\u021bin\u0103 personalul fericit. Lista continu\u0103 (\u0219i continu\u0103).<\/p>\n<p>Toate acestea sunt metrici importante de urm\u0103rit. Un panou de rapoarte \u0219i statistici te va ajuta s\u0103 urm\u0103re\u0219ti informa\u021biile importante pentru tine, de la perspective financiare la opera\u021bionale, astfel \u00eenc\u00e2t s\u0103 po\u021bi lua deciziile cheie care vor ajuta la cre\u0219terea afacerii tale \u0219i s\u0103 m\u0103sori impactul pozitiv al investi\u021biei tale \u00een sistem.<\/p><\/div><\/div><\/div><\/div><\/section><\/div> <!-- .tm-element-heading-wrapper container --> <div class=\"tm-element-heading-wrapper tm-heading-inner tm-element-align-left tm-seperator-none tm-heading-style-vertical  tm-custom-heading tm-skincolo-strong\"><section class=\"tm-vc_cta3-container tm-custom-heading tm-skincolo-strong\"><div class=\"tm-vc_general tm-vc_cta3 tm-cta3-only tm-vc_cta3-style-classic tm-vc_cta3-shape-rounded tm-vc_cta3-align-left tm-vc_cta3-color-transparent tm-vc_cta3-icon-size-md tm-vc_cta3-actions-no tm-cta3-with-desc\"><div class=\"tm-vc_cta3_content-container\"><div class=\"tm-vc_cta3-content\"><header class=\"tm-vc_cta3-content-header tm-wrap\"><div class=\"tm-vc_cta3-headers tm-wrap-cell\"><h2 style=\"font-size:28px;line-height:49px;\" class=\"tm-custom-heading tm-reset-h2-font-responsive\" >3. Cum va beneficia clinica mea de utilizarea acestui sistem?<\/h2>\n<\/div><div class=\"heading-seperator\"><span><\/span><\/div><\/header><div class=\"tm-cta3-content-wrapper\"><p>Orice software pentru clinic\u0103 ar trebui s\u0103 \u00ee\u021bi aduc\u0103 ni\u0219te beneficii, precum:<\/p>\n<ul>\n<li>Reducerea erorilor medicale<\/li>\n<li>Reducerea timpului pierdut cu procese manuale<\/li>\n<li>Cre\u0219terea moralei personalului<\/li>\n<li>\u00cembun\u0103t\u0103\u021birea calit\u0103\u021bii serviciilor medicale<\/li>\n<li>\u00cembun\u0103t\u0103\u021birea comunic\u0103rii cu pacien\u021bii<\/li>\n<li>\u00cembun\u0103t\u0103\u021birea monitoriz\u0103rii datelor financiare, opera\u021bionale, medicale<\/li>\n<\/ul>\n<p>O demonstra\u021bie a unui astfel de soft pentru clinici medicale \u00ee\u021bi va permite s\u0103 adresezi \u00eentreb\u0103ri legate de beneficiile specifice pentru configura\u021bia de care ai nevoie.<\/p><\/div><\/div><\/div><\/div><\/section><\/div> <!-- .tm-element-heading-wrapper container --> <div class=\"tm-element-heading-wrapper tm-heading-inner tm-element-align-left tm-seperator-none tm-heading-style-vertical  tm-custom-heading tm-skincolo-strong\"><section class=\"tm-vc_cta3-container tm-custom-heading tm-skincolo-strong\"><div class=\"tm-vc_general tm-vc_cta3 tm-cta3-only tm-vc_cta3-style-classic tm-vc_cta3-shape-rounded tm-vc_cta3-align-left tm-vc_cta3-color-transparent tm-vc_cta3-icon-size-md tm-vc_cta3-actions-no tm-cta3-with-desc\"><div class=\"tm-vc_cta3_content-container\"><div class=\"tm-vc_cta3-content\"><header class=\"tm-vc_cta3-content-header tm-wrap\"><div class=\"tm-vc_cta3-headers tm-wrap-cell\"><h2 style=\"font-size:28px;line-height:49px;\" class=\"tm-custom-heading tm-reset-h2-font-responsive\" >4. A fost sistemul proiectat de cineva care cunoa\u0219te bine industria medical\u0103?<\/h2>\n<\/div><div class=\"heading-seperator\"><span><\/span><\/div><\/header><div class=\"tm-cta3-content-wrapper\"><p>Dac\u0103 sistemul nu a fost creat de cineva care cunoa\u0219te pe deplin provoc\u0103rile unei clinici medicale private, este pu\u021bin probabil s\u0103 \u00ee\u021bi acopere eficient nevoile.<\/p>\n<p>Este important ca cei care au creat acel sistem s\u0103 \u00een\u021beleag\u0103 ce \u00eenseamn\u0103 acoperirea acestor nevoi pentru clinici precum clinica ta.<\/p>\n<p>Analizeaz\u0103 \u00een detaliu site-ul furnizorului \u0219i caut\u0103 rapid recenzii pentru a vedea care este experien\u021ba altor utilizatori care folosesc softul respectiv.<\/p><\/div><\/div><\/div><\/div><\/section><\/div> <!-- .tm-element-heading-wrapper container --> <div class=\"tm-element-heading-wrapper tm-heading-inner tm-element-align-left tm-seperator-none tm-heading-style-vertical  tm-custom-heading tm-skincolo-strong\"><section class=\"tm-vc_cta3-container tm-custom-heading tm-skincolo-strong\"><div class=\"tm-vc_general tm-vc_cta3 tm-cta3-only tm-vc_cta3-style-classic tm-vc_cta3-shape-rounded tm-vc_cta3-align-left tm-vc_cta3-color-transparent tm-vc_cta3-icon-size-md tm-vc_cta3-actions-no tm-cta3-with-desc\"><div class=\"tm-vc_cta3_content-container\"><div class=\"tm-vc_cta3-content\"><header class=\"tm-vc_cta3-content-header tm-wrap\"><div class=\"tm-vc_cta3-headers tm-wrap-cell\"><h2 style=\"font-size:28px;line-height:49px;\" class=\"tm-custom-heading tm-reset-h2-font-responsive\" >5. Este u\u0219or de folosit? Va func\u021biona bine pentru echipa mea?<\/h2>\n<\/div><div class=\"heading-seperator\"><span><\/span><\/div><\/header><div class=\"tm-cta3-content-wrapper\"><p>O clinic\u0103 este adesea alc\u0103tuit\u0103 dintr-un grup divers de oameni, cu obiective \u0219i abilit\u0103\u021bi diferite. Noul t\u0103u sistem ar trebui s\u0103 fie u\u0219or de utilizat \u0219i simplu de navigat, cu func\u021bionalit\u0103\u021bi care s\u0103 acopere nevoile tuturor utilizatorilor, fie c\u0103 vorbim despre personalul de la recep\u021bie, personalul medical auxiliar, medici sau manager. Fiecare membru al personalului ar trebui s\u0103 poat\u0103 g\u0103si informa\u021biile de care are nevoie, f\u0103r\u0103 a necesita un nivel \u00eenalt de expertiz\u0103 \u00een IT.<\/p>\n<p>Ideea este c\u0103 vrei ca toate &#8211; sau cel pu\u021bin majoritatea &#8211; activit\u0103\u021bilor tale s\u0103 aib\u0103 loc pe o singur\u0103 platform\u0103, evit\u00e2nd s\u0103 sari de la un sistem la altul \u0219i economisind timp pre\u021bios. Po\u021bi urm\u0103ri istoricul medical al unui pacient \u0219i s\u0103 gestionezi planuri de tratament din acela\u0219i loc \u00een care faci \u0219i program\u0103rile? Po\u021bi personaliza fi\u0219ele de consulta\u021bie, formularele \u0219i alte documente? Acest lucru va face o mare diferen\u021b\u0103.<\/p><\/div><\/div><\/div><\/div><\/section><\/div> <!-- .tm-element-heading-wrapper container --> <div class=\"tm-element-heading-wrapper tm-heading-inner tm-element-align-left tm-seperator-none tm-heading-style-vertical  tm-custom-heading tm-skincolo-strong\"><section class=\"tm-vc_cta3-container tm-custom-heading tm-skincolo-strong\"><div class=\"tm-vc_general tm-vc_cta3 tm-cta3-only tm-vc_cta3-style-classic tm-vc_cta3-shape-rounded tm-vc_cta3-align-left tm-vc_cta3-color-transparent tm-vc_cta3-icon-size-md tm-vc_cta3-actions-no tm-cta3-with-desc\"><div class=\"tm-vc_cta3_content-container\"><div class=\"tm-vc_cta3-content\"><header class=\"tm-vc_cta3-content-header tm-wrap\"><div class=\"tm-vc_cta3-headers tm-wrap-cell\"><h2 style=\"font-size:28px;line-height:49px;\" class=\"tm-custom-heading tm-reset-h2-font-responsive\" >6. C\u00e2nd a fost ultima lansare de func\u021bionalit\u0103\u021bi?<\/h2>\n<\/div><div class=\"heading-seperator\"><span><\/span><\/div><\/header><div class=\"tm-cta3-content-wrapper\"><p>Lumea tehnologiei \u00een domeniul s\u0103n\u0103t\u0103\u021bii se mi\u0219c\u0103 rapid, iar f\u0103r\u0103 actualiz\u0103ri regulate, un sistem poate deveni repede stagnant \u0219i dep\u0103\u0219it. Sistemul ar trebui s\u0103 se mi\u0219te \u0219i s\u0103 evolueze odat\u0103 cu industria medical\u0103, adapt\u00e2ndu-se la noi tehnologii, tendin\u021be \u0219i nevoi ale clien\u021bilor. Caut\u0103 pe re\u021belele de socializare lans\u0103ri recente de func\u021bionalit\u0103\u021bi sau \u00eentreab\u0103 \u00een timpul unei demonstra\u021bii despre cea mai recent\u0103 lansare, precum \u0219i despre planurile pentru viitor.<\/p>\n<p>Alternativ, noile func\u021bionalit\u0103\u021bi nu trebuie s\u0103 compromit\u0103 integritatea sistemului curent &#8211; trebuie s\u0103 existe un scop puternic pentru o lansare de func\u021bionalitate, iar orice furnizor decent de software pentru clinici medicale ar trebui s\u0103 poat\u0103 oferi un ra\u021bionament solid pentru o nou\u0103 func\u021bionalitate. Schimbarea poate fi dificil\u0103 atunci c\u00e2nd te-ai obi\u0219nuit cu o anumit\u0103 modalitate de lucru, deci vrei s\u0103 te asiguri c\u0103 multe func\u021bionalit\u0103\u021bi noi sau modific\u0103ri nu distrag aten\u021bia de la munca ta de zi cu zi.<\/p><\/div><\/div><\/div><\/div><\/section><\/div> <!-- .tm-element-heading-wrapper container --> <div class=\"tm-element-heading-wrapper tm-heading-inner tm-element-align-left tm-seperator-none tm-heading-style-vertical  tm-custom-heading tm-skincolo-strong\"><section class=\"tm-vc_cta3-container tm-custom-heading tm-skincolo-strong\"><div class=\"tm-vc_general tm-vc_cta3 tm-cta3-only tm-vc_cta3-style-classic tm-vc_cta3-shape-rounded tm-vc_cta3-align-left tm-vc_cta3-color-transparent tm-vc_cta3-icon-size-md tm-vc_cta3-actions-no tm-cta3-with-desc\"><div class=\"tm-vc_cta3_content-container\"><div class=\"tm-vc_cta3-content\"><header class=\"tm-vc_cta3-content-header tm-wrap\"><div class=\"tm-vc_cta3-headers tm-wrap-cell\"><h2 style=\"font-size:28px;line-height:49px;\" class=\"tm-custom-heading tm-reset-h2-font-responsive\" >7. Voi primi nivelul de suport de care am nevoie?<\/h2>\n<\/div><div class=\"heading-seperator\"><span><\/span><\/div><\/header><div class=\"tm-cta3-content-wrapper\"><p>Selectarea sistemului potrivit pentru clinica ta este doar primul pas. Urmeaz\u0103 implementarea \u0219i configurarea, ceea ce poate fi o perspectiv\u0103 intimidant\u0103 pentru cei care nu au mai f\u0103cut asta \u00eenainte. Verific\u0103 dac\u0103 vei primi ajutor \u0219i instruire. \u00centreab\u0103 care este timpul de r\u0103spuns al echipei de suport, de exemplu.<\/p>\n<p>Aceste informa\u021bii ar trebui s\u0103 clarifice faptul c\u0103, dac\u0103 apare o problem\u0103, nivelul de suport garanteaz\u0103 c\u0103 po\u021bi reveni la activitatea obi\u0219nuit\u0103 cu un impact minim asupra pacien\u021bilor. Dac\u0103 ai \u00eendoieli, adreseaz\u0103 toate \u00eentreb\u0103rile \u00een timpul unei demonstra\u021bii &#8211; un membru al personalului ar trebui s\u0103 \u00ee\u021bi poat\u0103 oferi detalii despre implementare, instruire \u0219i suport.<\/p><\/div><\/div><\/div><\/div><\/section><\/div> <!-- .tm-element-heading-wrapper container --> <div class=\"tm-element-heading-wrapper tm-heading-inner tm-element-align-left tm-seperator-none tm-heading-style-vertical  tm-custom-heading tm-skincolo-strong\"><section class=\"tm-vc_cta3-container tm-custom-heading tm-skincolo-strong\"><div class=\"tm-vc_general tm-vc_cta3 tm-cta3-only tm-vc_cta3-style-classic tm-vc_cta3-shape-rounded tm-vc_cta3-align-left tm-vc_cta3-color-transparent tm-vc_cta3-icon-size-md tm-vc_cta3-actions-no tm-cta3-with-desc\"><div class=\"tm-vc_cta3_content-container\"><div class=\"tm-vc_cta3-content\"><header class=\"tm-vc_cta3-content-header tm-wrap\"><div class=\"tm-vc_cta3-headers tm-wrap-cell\"><h2 style=\"font-size:28px;line-height:49px;\" class=\"tm-custom-heading tm-reset-h2-font-responsive\" >8. Sunt datele pacien\u021bilor mei \u00een siguran\u021b\u0103?<\/h2>\n<\/div><div class=\"heading-seperator\"><span><\/span><\/div><\/header><div class=\"tm-cta3-content-wrapper\"><p>Profesioni\u0219tii din domeniul s\u0103n\u0103t\u0103\u021bii au acces la unele dintre cele mai sensibile date ale pacien\u021bilor. Astfel, securitatea datelor pacientilor este de o importan\u021b\u0103 primordial\u0103. Orice furnizor bun de sisteme de management pentru clinici va \u00een\u021belege c\u00e2t de important\u0103 este protec\u021bia datelor \u0219i ar trebui respecte cele mai \u00eenalte niveluri de securitate a datelor. \u00centreab\u0103 despre securitatea datelor \u00een timpul unei demonstra\u021bii.<\/p><\/div><\/div><\/div><\/div><\/section><\/div> <!-- .tm-element-heading-wrapper container --> <div class=\"tm-element-heading-wrapper tm-heading-inner tm-element-align-left tm-seperator-none tm-heading-style-vertical  tm-custom-heading tm-skincolo-strong\"><section class=\"tm-vc_cta3-container tm-custom-heading tm-skincolo-strong\"><div class=\"tm-vc_general tm-vc_cta3 tm-cta3-only tm-vc_cta3-style-classic tm-vc_cta3-shape-rounded tm-vc_cta3-align-left tm-vc_cta3-color-transparent tm-vc_cta3-icon-size-md tm-vc_cta3-actions-no tm-cta3-with-desc\"><div class=\"tm-vc_cta3_content-container\"><div class=\"tm-vc_cta3-content\"><header class=\"tm-vc_cta3-content-header tm-wrap\"><div class=\"tm-vc_cta3-headers tm-wrap-cell\"><h2 style=\"font-size:28px;line-height:49px;\" class=\"tm-custom-heading tm-reset-h2-font-responsive\" >9. Va \u00eembun\u0103t\u0103\u021bi acest sistem pentru clinic\u0103 experien\u021ba pacientului?<\/h2>\n<\/div><div class=\"heading-seperator\"><span><\/span><\/div><\/header><div class=\"tm-cta3-content-wrapper\"><p>Esen\u021ba problemei este urm\u0103toarea: dac\u0103 un sistem de gestionare a activit\u0103\u021bii din clinica medical\u0103 nu \u00eembun\u0103t\u0103\u021be\u0219te experien\u021ba pacien\u021bilor t\u0103i, atunci nu \u00ee\u0219i face treaba corespunz\u0103tor.<\/p>\n<p>G\u00e2nde\u0219te-te la diferitele etape ale experien\u021bei pacientului t\u0103u. Ce probleme vrei s\u0103 rezolve softul pentru clinic\u0103 \u00eenainte, \u00een timpul \u0219i dup\u0103 o programare? Ad\u0103ugarea rapid\u0103 a program\u0103rilor \u0219i trimiterea \u00een mod automat de mesaje SMS de reamintire sunt doar dou\u0103 exemple de moduri \u00een care un sistem poate avea un efect pozitiv la fiecare punct de contact.<\/p><\/div><\/div><\/div><\/div><\/section><\/div> <!-- .tm-element-heading-wrapper container --> <div class=\"tm-element-heading-wrapper tm-heading-inner tm-element-align-left tm-seperator-none tm-heading-style-vertical  tm-custom-heading tm-skincolo-strong\"><section class=\"tm-vc_cta3-container tm-custom-heading tm-skincolo-strong\"><div class=\"tm-vc_general tm-vc_cta3 tm-cta3-only tm-vc_cta3-style-classic tm-vc_cta3-shape-rounded tm-vc_cta3-align-left tm-vc_cta3-color-transparent tm-vc_cta3-icon-size-md tm-vc_cta3-actions-no tm-cta3-with-desc\"><div class=\"tm-vc_cta3_content-container\"><div class=\"tm-vc_cta3-content\"><header class=\"tm-vc_cta3-content-header tm-wrap\"><div class=\"tm-vc_cta3-headers tm-wrap-cell\"><h2 style=\"font-size:28px;line-height:49px;\" class=\"tm-custom-heading tm-reset-h2-font-responsive\" >Creat pentru tine, de oameni ca tine:<strong> InteroCloud<\/strong><\/h2>\n<\/div><div class=\"heading-seperator\"><span><\/span><\/div><\/header><div class=\"tm-cta3-content-wrapper\"><p>Echipa noastr\u0103, specializat\u0103 \u00een design simplu \u0219i intuitiv, \u00een\u021belege cu adev\u0103rat managementul clinic \u0219i nevoia unui soft pentru clinici u\u0219or de utilizat. InteroCloud este un soft medical 100% online, ceea ce \u00eenseamn\u0103 c\u0103 nu exist\u0103 programe de instalat sau nevoia unui departament IT costisitor la care s\u0103 apelezi. InteroCloud te va ajuta s\u0103 \u00eencepi drumul c\u0103tre digitalizare \u0219i \u00ee\u021bi va fi al\u0103turi de fiecare dat\u0103 c\u00e2nd vei avea nevoie de ajutor.<\/p><\/div><\/div><\/div><\/div><\/section><\/div> <!-- .tm-element-heading-wrapper container --> <div class=\"tm-element-heading-wrapper tm-heading-inner tm-element-align-left tm-seperator-none tm-heading-style-vertical  tm-custom-heading tm-skincolo-strong\"><section class=\"tm-vc_cta3-container tm-custom-heading tm-skincolo-strong\"><div class=\"tm-vc_general tm-vc_cta3 tm-cta3-only tm-vc_cta3-style-classic tm-vc_cta3-shape-rounded tm-vc_cta3-align-left tm-vc_cta3-color-transparent tm-vc_cta3-icon-size-md tm-vc_cta3-actions-no tm-cta3-without-desc\"><div class=\"tm-vc_cta3_content-container\"><div class=\"tm-vc_cta3-content\"><header class=\"tm-vc_cta3-content-header tm-wrap\"><div class=\"tm-vc_cta3-headers tm-wrap-cell\"><h2 style=\"font-size:28px;line-height:49px;\" class=\"tm-custom-heading tm-reset-h2-font-responsive\" >Programeaza un demo!<strong> Folose\u0219te gratuit 14 zile!<\/strong><\/h2>\n<\/div><div class=\"heading-seperator\"><span><\/span><\/div><\/header><\/div><\/div><\/div><\/section><\/div> <!-- .tm-element-heading-wrapper container --> \t\t<\/div>\n\t<\/div>\n<\/div>\n\n\n\n\t\t\n\t<\/div>\n\n\n\n\n\n\n\n\n\n\n\n<div class=\"tm-row wpb_row vc_row-fluid tm-zindex-0 vc_row container tm-bgimage-position-center_center\">\n\n\t\t\n\t\t\n\t\t\n\n<div class=\"wpb_column tm-column vc_column_container vc_col-sm-12 tm-zindex-0\">\n\t<div class=\"vc_column-inner\">\n\t\t\t\t<div class=\"wpb_wrapper\">\n\t\t\t\n\t<div class=\"wpb_text_column wpb_content_element\" >\n\t\t<div class=\"wpb_wrapper\">\n\t\t\t\n\t\t\t\t\t\t<script>\n\t\t\t\t\t\t\twindow.hsFormsOnReady = window.hsFormsOnReady || [];\n\t\t\t\t\t\t\twindow.hsFormsOnReady.push(()=>{\n\t\t\t\t\t\t\t\thbspt.forms.create({\n\t\t\t\t\t\t\t\t\tportalId: 8888347,\n\t\t\t\t\t\t\t\t\tformId: \"f5f83170-98a6-4e92-8135-4818608d09b3\",\n\t\t\t\t\t\t\t\t\ttarget: \"#hbspt-form-1776524822000-9643908574\",\n\t\t\t\t\t\t\t\t\tregion: \"na1\",\n\t\t\t\t\t\t\t\t\t\n\t\t\t\t\t\t\t})});\n\t\t\t\t\t\t<\/script>\n\t\t\t\t\t\t<div class=\"hbspt-form\" id=\"hbspt-form-1776524822000-9643908574\"><\/div>\n\n\t\t<\/div>\n\t<\/div>\n\t\t<\/div>\n\t<\/div>\n<\/div>\n\n\n\n\t\t\n\t<\/div>\n<\/div>","protected":false},"excerpt":{"rendered":"Cum Alegi Cel mai Potrivit Soft Pentru Clinica Ta? Fie c\u0103 porne\u0219ti de la zero sau \u00ee\u021bi schimbi furnizorul, alegerea unui pentru clinica medical\u0103 nu este deloc u\u0219oar\u0103. Soft-ul pentru clinic\u0103 trebuie s\u0103 simplifice fluxurile de lucru solicitante \u0219i s\u0103 eficientizeze gestionarea program\u0103rilor, astfel \u00eenc\u00e2t s\u0103 te po\u021bi concentra pe furnizarea de \u00eengrijire medical\u0103 de &hellip; <a href=\"https:\/\/www.interocloud.com\/ro\/how-to-choose-the-right-practice-management-software-for-your-clinic\/\" class=\"more-link\">Continue reading <span class=\"screen-reader-text\">How to Choose The Right Practice Management Software for Your Clinic?<\/span><\/a>","protected":false},"author":1,"featured_media":6026,"parent":0,"menu_order":0,"comment_status":"closed","ping_status":"closed","template":"","meta":{"content-type":"","footnotes":""},"class_list":["post-6038","page","type-page","status-publish","has-post-thumbnail","hentry"],"_links":{"self":[{"href":"https:\/\/www.interocloud.com\/ro\/wp-json\/wp\/v2\/pages\/6038","targetHints":{"allow":["GET"]}}],"collection":[{"href":"https:\/\/www.interocloud.com\/ro\/wp-json\/wp\/v2\/pages"}],"about":[{"href":"https:\/\/www.interocloud.com\/ro\/wp-json\/wp\/v2\/types\/page"}],"author":[{"embeddable":true,"href":"https:\/\/www.interocloud.com\/ro\/wp-json\/wp\/v2\/users\/1"}],"replies":[{"embeddable":true,"href":"https:\/\/www.interocloud.com\/ro\/wp-json\/wp\/v2\/comments?post=6038"}],"version-history":[{"count":15,"href":"https:\/\/www.interocloud.com\/ro\/wp-json\/wp\/v2\/pages\/6038\/revisions"}],"predecessor-version":[{"id":6357,"href":"https:\/\/www.interocloud.com\/ro\/wp-json\/wp\/v2\/pages\/6038\/revisions\/6357"}],"wp:featuredmedia":[{"embeddable":true,"href":"https:\/\/www.interocloud.com\/ro\/wp-json\/wp\/v2\/media\/6026"}],"wp:attachment":[{"href":"https:\/\/www.interocloud.com\/ro\/wp-json\/wp\/v2\/media?parent=6038"}],"curies":[{"name":"wp","href":"https:\/\/api.w.org\/{rel}","templated":true}]}}