{"id":6011,"date":"2024-01-20T09:15:17","date_gmt":"2024-01-20T09:15:17","guid":{"rendered":"https:\/\/www.interocloud.com\/?page_id=6011"},"modified":"2025-01-27T12:33:35","modified_gmt":"2025-01-27T12:33:35","slug":"blog","status":"publish","type":"page","link":"https:\/\/www.interocloud.com\/ro\/blog\/","title":{"rendered":"Blog"},"content":{"rendered":"<div class=\"wpb-content-wrapper\"><div class=\"tm-row wpb_row vc_row-fluid tm-zindex-0 vc_row container tm-bgimage-position-center_center\">\n\n\t\t\n\t\t\n\t\t\n\n<div class=\"wpb_column tm-column vc_column_container vc_col-sm-12 tm-zindex-0\">\n\t<div class=\"vc_column-inner\">\n\t\t\t\t<div class=\"wpb_wrapper\">\n\t\t\t\n<div class=\"vc_grid-container-wrapper vc_clearfix vc_grid-animation-fadeIn\">\n\t<div class=\"vc_grid-container vc_clearfix wpb_content_element vc_basic_grid\" data-initial-loading-animation=\"fadeIn\" data-vc-grid-settings=\"{&quot;page_id&quot;:6011,&quot;style&quot;:&quot;all&quot;,&quot;action&quot;:&quot;vc_get_vc_grid_data&quot;,&quot;shortcode_id&quot;:&quot;1709807411197-17e1ad8520548a56be73e5a0aa391455-3&quot;,&quot;tag&quot;:&quot;vc_basic_grid&quot;}\" data-vc-request=\"https:\/\/www.interocloud.com\/wp-admin\/admin-ajax.php\" data-vc-post-id=\"6011\" data-vc-public-nonce=\"43927e018f\">\n\t\t\n\t<\/div>\n<\/div>\t\t<\/div>\n\t<\/div>\n<\/div>\n\n\n\n\t\t\n\t<\/div>\n\n\n\n\n\n\n\n\n\n\n\n<div class=\"tm-row wpb_row vc_row-fluid wpb_animate_when_almost_visible wpb_slideInLeft slideInLeft tm-zindex-0 vc_row container tm-bgimage-position-center_center\">\n\n\t\t\n\t\t\n\t\t\n\n<div class=\"wpb_column tm-column vc_column_container vc_col-sm-12 tm-zindex-0\">\n\t<div class=\"vc_column-inner\">\n\t\t\t\t<div class=\"wpb_wrapper\">\n\t\t\t<div class=\"tm-element-heading-wrapper tm-heading-inner tm-element-align-center tm-seperator-none tm-heading-style-vertical  vc_custom_1705756848177 tm-custom-heading tm-skincolo-strong\"><section class=\"tm-vc_cta3-container tm-custom-heading tm-skincolo-strong\"><div class=\"tm-vc_general tm-vc_cta3 tm-cta3-only tm-vc_cta3-style-classic tm-vc_cta3-shape-rounded tm-vc_cta3-align-center tm-vc_cta3-color-transparent tm-vc_cta3-icon-size-md tm-vc_cta3-actions-no tm-cta3-with-desc\"><div class=\"tm-vc_cta3_content-container\"><div class=\"tm-vc_cta3-content\"><header class=\"tm-vc_cta3-content-header tm-wrap\"><div class=\"tm-vc_cta3-headers tm-wrap-cell\"><h2 style=\"font-size:40px;line-height:49px;\" class=\"tm-custom-heading tm-reset-h2-font-responsive\" >Blog-ul<strong> InteroCloud <\/strong><\/h2>\n<\/div><div class=\"heading-seperator\"><span><\/span><\/div><\/header><div class=\"tm-cta3-content-wrapper\"><p>Citi\u021bi toate articolele exclusive scrise pe Blog. Descoperi\u021bi strategii de management al clinicii medicale, sfaturi \u0219i informa\u021bii pentru a \u00eembun\u0103t\u0103\u021bi eficien\u021ba, etc.<\/p><\/div><\/div><\/div><\/div><\/section><\/div> <!-- .tm-element-heading-wrapper container --> <div class=\"vc_empty_space\"   style=\"height: 64px\"><span class=\"vc_empty_space_inner\"><\/span><\/div>\t\t<\/div>\n\t<\/div>\n<\/div>\n\n\n\n\t\t\n\t<\/div>\n\n\n\n\n\n\n\n\n\n\n\n<div class=\"tm-row wpb_row vc_row-fluid wpb_animate_when_almost_visible wpb_slideInLeft slideInLeft tm-zindex-0 vc_row container tm-bgimage-position-center_center\">\n\n\t\t\n\t\t\n\t\t\n\n<div class=\"wpb_column tm-column vc_column_container vc_col-sm-4 tm-zindex-0\">\n\t<div class=\"vc_column-inner\">\n\t\t\t\t<div class=\"wpb_wrapper\">\n\t\t\t<h4 style=\"text-align:left;\" class=\"tm-custom-heading\" ><a href=\"https:\/\/www.interocloud.com\/ro\/cum-alegi-cel-mai-potrivit-soft-pentru-clinica-ta\/\">Cum Alegi Cel mai Potrivit Soft Pentru Clinica Ta?<\/a><\/h4>\n\n\t<div  class=\"wpb_single_image wpb_content_element vc_align_left wpb_content_element\">\n\t\t\n\t\t<figure class=\"wpb_wrapper vc_figure\">\n\t\t\t<a href=\"https:\/\/www.interocloud.com\/ro\/cum-alegi-cel-mai-potrivit-soft-pentru-clinica-ta\/\" target=\"_self\" class=\"vc_single_image-wrapper vc_box_shadow_3d  vc_box_border_grey\"><img fetchpriority=\"high\" decoding=\"async\" width=\"800\" height=\"534\" src=\"https:\/\/www.interocloud.com\/wp-content\/uploads\/2024\/01\/practice-management-software-for-your-clinic.png\" class=\"vc_single_image-img attachment-large\" alt=\"\" title=\"Soft Pentru Clinica Ta\" srcset=\"https:\/\/www.interocloud.com\/wp-content\/uploads\/2024\/01\/practice-management-software-for-your-clinic.png 800w, https:\/\/www.interocloud.com\/wp-content\/uploads\/2024\/01\/practice-management-software-for-your-clinic-300x200.png 300w, https:\/\/www.interocloud.com\/wp-content\/uploads\/2024\/01\/practice-management-software-for-your-clinic-768x513.png 768w, https:\/\/www.interocloud.com\/wp-content\/uploads\/2024\/01\/practice-management-software-for-your-clinic-18x12.png 18w\" sizes=\"(max-width: 800px) 100vw, 800px\" data-id=\"6026\"><\/a>\n\t\t<\/figure>\n\t<\/div>\n\n\t<div class=\"wpb_text_column wpb_content_element\" >\n\t\t<div class=\"wpb_wrapper\">\n\t\t\t<p>Fie c\u0103 porne\u0219ti de la zero sau \u00ee\u021bi schimbi furnizorul, alegerea unui pentru clinica medical\u0103 nu este deloc u\u0219oar\u0103. Soft-ul pentru clinic\u0103&#8230; <a href=\"https:\/\/www.interocloud.com\/ro\/cum-alegi-cel-mai-potrivit-soft-pentru-clinica-ta\/\"><strong>CITE\u0218TE MAI MULT<\/strong><\/a><\/p>\n\n\t\t<\/div>\n\t<\/div>\n\t\t<\/div>\n\t<\/div>\n<\/div>\n\n\n\n\n\n<div class=\"wpb_column tm-column vc_column_container vc_col-sm-4 tm-zindex-0\">\n\t<div class=\"vc_column-inner\">\n\t\t\t\t<div class=\"wpb_wrapper\">\n\t\t\t<h4 style=\"text-align:left;\" class=\"tm-custom-heading\" ><a href=\"https:\/\/www.interocloud.com\/ro\/un-ghid-pentru-clinici-despre-succesul-in-social-media\/\">Ghid Pentru Clinici Despre Social Media Marketing<\/a><\/h4>\n\n\t<div  class=\"wpb_single_image wpb_content_element vc_align_left wpb_content_element\">\n\t\t\n\t\t<figure class=\"wpb_wrapper vc_figure\">\n\t\t\t<a href=\"https:\/\/www.interocloud.com\/ro\/un-ghid-pentru-clinici-despre-succesul-in-social-media\/\" target=\"_self\" class=\"vc_single_image-wrapper vc_box_shadow_3d  vc_box_border_grey\"><img decoding=\"async\" width=\"847\" height=\"566\" src=\"https:\/\/www.interocloud.com\/wp-content\/uploads\/2024\/01\/boosting-your-medical-practice-with-social-media-marketing.png\" class=\"vc_single_image-img attachment-large\" alt=\"\" title=\"boosting your medical practice with social media marketing\" srcset=\"https:\/\/www.interocloud.com\/wp-content\/uploads\/2024\/01\/boosting-your-medical-practice-with-social-media-marketing.png 1024w, https:\/\/www.interocloud.com\/wp-content\/uploads\/2024\/01\/boosting-your-medical-practice-with-social-media-marketing-300x200.png 300w, https:\/\/www.interocloud.com\/wp-content\/uploads\/2024\/01\/boosting-your-medical-practice-with-social-media-marketing-768x513.png 768w, https:\/\/www.interocloud.com\/wp-content\/uploads\/2024\/01\/boosting-your-medical-practice-with-social-media-marketing-18x12.png 18w\" sizes=\"(max-width: 847px) 100vw, 847px\" data-id=\"6059\"><\/a>\n\t\t<\/figure>\n\t<\/div>\n\n\t<div class=\"wpb_text_column wpb_content_element\" >\n\t\t<div class=\"wpb_wrapper\">\n\t\t\t<p>\u00cen era digital\u0103, prezen\u021ba pe social media nu mai este doar o op\u021biune, ci o necesitate pentru orice clinic\u0103 medical\u0103 care dore\u0219te s\u0103&#8230; <a href=\"https:\/\/www.interocloud.com\/ro\/un-ghid-pentru-clinici-despre-succesul-in-social-media\/\"><strong>CITE\u0218TE MAI MULT<\/strong><\/a><\/p>\n\n\t\t<\/div>\n\t<\/div>\n\t\t<\/div>\n\t<\/div>\n<\/div>\n\n\n\n\n\n<div class=\"wpb_column tm-column vc_column_container vc_col-sm-4 tm-zindex-0\">\n\t<div class=\"vc_column-inner\">\n\t\t\t\t<div class=\"wpb_wrapper\">\n\t\t\t<h4 style=\"text-align:left;\" class=\"tm-custom-heading\" ><a href=\"https:\/\/www.interocloud.com\/ro\/ghid-functionalitati-esentiale-atunci-cand-cauti-un-soft-pentru-clinica-de-recuperare-medicala\/\">Func\u021bionalit\u0103\u021bi Esen\u021biale Soft Pentru Clinica de Recuperare<\/a><\/h4>\n\n\t<div  class=\"wpb_single_image wpb_content_element vc_align_left wpb_content_element\">\n\t\t\n\t\t<figure class=\"wpb_wrapper vc_figure\">\n\t\t\t<a href=\"https:\/\/www.interocloud.com\/ro\/ghid-functionalitati-esentiale-atunci-cand-cauti-un-soft-pentru-clinica-de-recuperare-medicala\/\" target=\"_self\" class=\"vc_single_image-wrapper vc_box_shadow_3d  vc_box_border_grey\"><img decoding=\"async\" width=\"847\" height=\"536\" src=\"https:\/\/www.interocloud.com\/wp-content\/uploads\/2024\/01\/soft-clinica-recuperare.png\" class=\"vc_single_image-img attachment-large\" alt=\"\" title=\"soft clinica recuperare\" srcset=\"https:\/\/www.interocloud.com\/wp-content\/uploads\/2024\/01\/soft-clinica-recuperare.png 1024w, https:\/\/www.interocloud.com\/wp-content\/uploads\/2024\/01\/soft-clinica-recuperare-300x190.png 300w, https:\/\/www.interocloud.com\/wp-content\/uploads\/2024\/01\/soft-clinica-recuperare-768x486.png 768w, https:\/\/www.interocloud.com\/wp-content\/uploads\/2024\/01\/soft-clinica-recuperare-18x12.png 18w\" sizes=\"(max-width: 847px) 100vw, 847px\" data-id=\"6081\"><\/a>\n\t\t<\/figure>\n\t<\/div>\n\n\t<div class=\"wpb_text_column wpb_content_element\" >\n\t\t<div class=\"wpb_wrapper\">\n\t\t\t<p>\u00centr-o lume care adopt\u0103 rapid digitalizarea, trecerea la un registru electronic de s\u0103n\u0103tate este crucial\u0103. Importan\u021ba implementariii &#8230; <a href=\"https:\/\/www.interocloud.com\/ro\/ghid-functionalitati-esentiale-atunci-cand-cauti-un-soft-pentru-clinica-de-recuperare-medicala\/\"><strong>CITE\u0218TE MAI MULT<\/strong><\/a><\/p>\n\n\t\t<\/div>\n\t<\/div>\n\t\t<\/div>\n\t<\/div>\n<\/div>\n\n\n\n\t\t\n\t<\/div>\n\n\n\n\n\n\n\n\n\n\n\n<div class=\"tm-row wpb_row vc_row-fluid wpb_animate_when_almost_visible wpb_slideInLeft slideInLeft tm-zindex-0 vc_row container tm-bgimage-position-center_center\">\n\n\t\t\n\t\t\n\t\t\n\n<div class=\"wpb_column tm-column vc_column_container vc_col-sm-4 tm-zindex-0\">\n\t<div class=\"vc_column-inner\">\n\t\t\t\t<div class=\"wpb_wrapper\">\n\t\t\t<h4 style=\"text-align:left;\" class=\"tm-custom-heading\" ><a href=\"https:\/\/www.interocloud.com\/ro\/5-motive-pentru-implementarea-unui-soft-pentru-clinica-medicala\/\">5 Motive s\u0103 Implementezi Un Soft pentru Clinica Medical\u0103<\/a><\/h4>\n\n\t<div  class=\"wpb_single_image wpb_content_element vc_align_left wpb_content_element\">\n\t\t\n\t\t<figure class=\"wpb_wrapper vc_figure\">\n\t\t\t<a href=\"https:\/\/www.interocloud.com\/ro\/5-motive-pentru-implementarea-unui-soft-pentru-clinica-medicala\/\" target=\"_self\" class=\"vc_single_image-wrapper vc_box_shadow_3d  vc_box_border_grey\"><img loading=\"lazy\" decoding=\"async\" width=\"847\" height=\"536\" src=\"https:\/\/www.interocloud.com\/wp-content\/uploads\/2024\/01\/5-motive-pentru-implementarea-unui-soft-pentru-clinica-medicala.png\" class=\"vc_single_image-img attachment-large\" alt=\"\" title=\"soft pentru clinica medicala\" srcset=\"https:\/\/www.interocloud.com\/wp-content\/uploads\/2024\/01\/5-motive-pentru-implementarea-unui-soft-pentru-clinica-medicala.png 1024w, https:\/\/www.interocloud.com\/wp-content\/uploads\/2024\/01\/5-motive-pentru-implementarea-unui-soft-pentru-clinica-medicala-300x190.png 300w, https:\/\/www.interocloud.com\/wp-content\/uploads\/2024\/01\/5-motive-pentru-implementarea-unui-soft-pentru-clinica-medicala-768x486.png 768w, https:\/\/www.interocloud.com\/wp-content\/uploads\/2024\/01\/5-motive-pentru-implementarea-unui-soft-pentru-clinica-medicala-18x12.png 18w\" sizes=\"(max-width: 847px) 100vw, 847px\" data-id=\"6100\"><\/a>\n\t\t<\/figure>\n\t<\/div>\n\n\t<div class=\"wpb_text_column wpb_content_element\" >\n\t\t<div class=\"wpb_wrapper\">\n\t\t\t<p>\u00cen contextul evolu\u021biei industriei medicale, progresele rapide \u00een tehnologie continu\u0103 s\u0103 aduc\u0103 schimb\u0103ri semnificative &#8230; <a href=\"https:\/\/www.interocloud.com\/ro\/5-motive-pentru-implementarea-unui-soft-pentru-clinica-medicala\/\"><strong>CITE\u0218TE MAI MULT<\/strong><\/a><\/p>\n\n\t\t<\/div>\n\t<\/div>\n\t\t<\/div>\n\t<\/div>\n<\/div>\n\n\n\n\n\n<div class=\"wpb_column tm-column vc_column_container vc_col-sm-4 tm-zindex-0\">\n\t<div class=\"vc_column-inner\">\n\t\t\t\t<div class=\"wpb_wrapper\">\n\t\t\t<h4 style=\"text-align:left;\" class=\"tm-custom-heading\" ><a href=\"https:\/\/www.interocloud.com\/ro\/inregistrari-medicale-pe-hartie-o-practica-de-domneiul-trecutului\/\">\u00cenregistr\u0103ri Medicale pe H\u00e2rtie? De Domeniul Trecutului<\/a><\/h4>\n\n\t<div  class=\"wpb_single_image wpb_content_element vc_align_left wpb_content_element\">\n\t\t\n\t\t<figure class=\"wpb_wrapper vc_figure\">\n\t\t\t<a href=\"https:\/\/www.interocloud.com\/ro\/inregistrari-medicale-pe-hartie-o-practica-de-domneiul-trecutului\/\" target=\"_self\" class=\"vc_single_image-wrapper vc_box_shadow_3d  vc_box_border_grey\"><img loading=\"lazy\" decoding=\"async\" width=\"847\" height=\"536\" src=\"https:\/\/www.interocloud.com\/wp-content\/uploads\/2024\/02\/inregistrari-medicale-pe-hartie-o-practica-de-domeniul-trecutului.png\" class=\"vc_single_image-img attachment-large\" alt=\"\" title=\"soft clinica medicala paperless\" srcset=\"https:\/\/www.interocloud.com\/wp-content\/uploads\/2024\/02\/inregistrari-medicale-pe-hartie-o-practica-de-domeniul-trecutului.png 1024w, https:\/\/www.interocloud.com\/wp-content\/uploads\/2024\/02\/inregistrari-medicale-pe-hartie-o-practica-de-domeniul-trecutului-300x190.png 300w, https:\/\/www.interocloud.com\/wp-content\/uploads\/2024\/02\/inregistrari-medicale-pe-hartie-o-practica-de-domeniul-trecutului-768x486.png 768w, https:\/\/www.interocloud.com\/wp-content\/uploads\/2024\/02\/inregistrari-medicale-pe-hartie-o-practica-de-domeniul-trecutului-18x12.png 18w\" sizes=\"(max-width: 847px) 100vw, 847px\" data-id=\"6113\"><\/a>\n\t\t<\/figure>\n\t<\/div>\n\n\t<div class=\"wpb_text_column wpb_content_element\" >\n\t\t<div class=\"wpb_wrapper\">\n\t\t\t<p>Este important s\u0103 \u021bii evidenta datelor pacien\u021bilor \u0219i \u00eenregistr\u0103rile medicale. Documentele pe h\u00e2rtie au fost folosite mult timp &#8230; <a href=\"https:\/\/www.interocloud.com\/ro\/inregistrari-medicale-pe-hartie-o-practica-de-domneiul-trecutului\/\"><strong>CITE\u0218TE MAI MULT<\/strong><\/a><\/p>\n\n\t\t<\/div>\n\t<\/div>\n\t\t<\/div>\n\t<\/div>\n<\/div>\n\n\n\n\n\n<div class=\"wpb_column tm-column vc_column_container vc_col-sm-4 tm-zindex-0\">\n\t<div class=\"vc_column-inner\">\n\t\t\t\t<div class=\"wpb_wrapper\">\n\t\t\t<h4 style=\"text-align:left;\" class=\"tm-custom-heading\" ><a href=\"https:\/\/www.interocloud.com\/ro\/ghid-practic-cum-sa-deschizi-o-clinica-medicala-de-succes\/\">Ghid Practic: Cum s\u0103 Deschizi o Clinic\u0103 Medical\u0103 de Succes?<\/a><\/h4>\n\n\t<div  class=\"wpb_single_image wpb_content_element vc_align_left wpb_content_element\">\n\t\t\n\t\t<figure class=\"wpb_wrapper vc_figure\">\n\t\t\t<a href=\"https:\/\/www.interocloud.com\/ro\/ghid-practic-cum-sa-deschizi-o-clinica-medicala-de-succes\/\" target=\"_self\" class=\"vc_single_image-wrapper vc_box_shadow_3d  vc_box_border_grey\"><img loading=\"lazy\" decoding=\"async\" width=\"847\" height=\"536\" src=\"https:\/\/www.interocloud.com\/wp-content\/uploads\/2024\/02\/InteroClouc-Cum-sa-deschizi-o-clinica-medicala-de-succes.png\" class=\"vc_single_image-img attachment-large\" alt=\"\" title=\"InteroCloud software clinica medicala\" srcset=\"https:\/\/www.interocloud.com\/wp-content\/uploads\/2024\/02\/InteroClouc-Cum-sa-deschizi-o-clinica-medicala-de-succes.png 1024w, https:\/\/www.interocloud.com\/wp-content\/uploads\/2024\/02\/InteroClouc-Cum-sa-deschizi-o-clinica-medicala-de-succes-300x190.png 300w, https:\/\/www.interocloud.com\/wp-content\/uploads\/2024\/02\/InteroClouc-Cum-sa-deschizi-o-clinica-medicala-de-succes-768x486.png 768w, https:\/\/www.interocloud.com\/wp-content\/uploads\/2024\/02\/InteroClouc-Cum-sa-deschizi-o-clinica-medicala-de-succes-18x12.png 18w\" sizes=\"(max-width: 847px) 100vw, 847px\" data-id=\"6120\"><\/a>\n\t\t<\/figure>\n\t<\/div>\n\n\t<div class=\"wpb_text_column wpb_content_element\" >\n\t\t<div class=\"wpb_wrapper\">\n\t\t\t<p>\u00cen cadrul acestui acest articol vom explora detaliat c\u00e2teva aspecte cheie pentru a-\u021bi ghida pa\u0219ii c\u0103tre succes &#8230; <a href=\"https:\/\/www.interocloud.com\/ro\/ghid-practic-cum-sa-deschizi-o-clinica-medicala-de-succes\/\"><strong>CITE\u0218TE MAI MULT<\/strong><\/a><\/p>\n\n\t\t<\/div>\n\t<\/div>\n\t\t<\/div>\n\t<\/div>\n<\/div>\n\n\n\n\t\t\n\t<\/div>\n\n\n\n\n\n\n\n\n\n\n\n<div class=\"tm-row wpb_row vc_row-fluid wpb_animate_when_almost_visible wpb_slideInLeft slideInLeft tm-zindex-0 vc_row container tm-bgimage-position-center_center\">\n\n\t\t\n\t\t\n\t\t\n\n<div class=\"wpb_column tm-column vc_column_container vc_col-sm-4 tm-zindex-0\">\n\t<div class=\"vc_column-inner\">\n\t\t\t\t<div class=\"wpb_wrapper\">\n\t\t\t<h4 style=\"text-align:left;\" class=\"tm-custom-heading\" ><a href=\"https:\/\/www.interocloud.com\/ro\/fonduri-europene-pentru-digitalizare-clinici-medicale\/\">Fonduri Europene La care Po\u021bi S\u0103 Aplici Pentru Digitalizarea Clinicii Medicale<\/a><\/h4>\n\n\t<div  class=\"wpb_single_image wpb_content_element vc_align_left wpb_content_element\">\n\t\t\n\t\t<figure class=\"wpb_wrapper vc_figure\">\n\t\t\t<a href=\"https:\/\/www.interocloud.com\/ro\/fonduri-europene-pentru-digitalizare-clinici-medicale\/\" target=\"_self\" class=\"vc_single_image-wrapper vc_box_shadow_3d  vc_box_border_grey\"><img loading=\"lazy\" decoding=\"async\" width=\"847\" height=\"536\" src=\"https:\/\/www.interocloud.com\/wp-content\/uploads\/2024\/02\/Fonduri-Europene-Pentru-Digitalizare-Clinici-Medicale-2-1.png\" class=\"vc_single_image-img attachment-large\" alt=\"\" title=\"Digitalizare Clinici Medicale\" srcset=\"https:\/\/www.interocloud.com\/wp-content\/uploads\/2024\/02\/Fonduri-Europene-Pentru-Digitalizare-Clinici-Medicale-2-1.png 1024w, https:\/\/www.interocloud.com\/wp-content\/uploads\/2024\/02\/Fonduri-Europene-Pentru-Digitalizare-Clinici-Medicale-2-1-300x190.png 300w, https:\/\/www.interocloud.com\/wp-content\/uploads\/2024\/02\/Fonduri-Europene-Pentru-Digitalizare-Clinici-Medicale-2-1-768x486.png 768w, https:\/\/www.interocloud.com\/wp-content\/uploads\/2024\/02\/Fonduri-Europene-Pentru-Digitalizare-Clinici-Medicale-2-1-18x12.png 18w\" sizes=\"(max-width: 847px) 100vw, 847px\" data-id=\"6144\"><\/a>\n\t\t<\/figure>\n\t<\/div>\n\n\t<div class=\"wpb_text_column wpb_content_element\" >\n\t\t<div class=\"wpb_wrapper\">\n\t\t\t<p>\u00cen Regiunea Centru, micro\u00eentreprinderile \u0219i firmele mici \u0219i mijlocii au acum oportunitatea de a accesa granturi destinate &#8230; <a href=\"https:\/\/www.interocloud.com\/ro\/fonduri-europene-pentru-digitalizare-clinici-medicale\/\"><strong>CITE\u0218TE MAI MULT<\/strong><\/a><\/p>\n\n\t\t<\/div>\n\t<\/div>\n\t\t<\/div>\n\t<\/div>\n<\/div>\n\n\n\n\n\n<div class=\"wpb_column tm-column vc_column_container vc_col-sm-4 tm-zindex-0\">\n\t<div class=\"vc_column-inner\">\n\t\t\t\t<div class=\"wpb_wrapper\">\n\t\t\t<h4 style=\"text-align:left;\" class=\"tm-custom-heading\" ><a href=\"https:\/\/www.interocloud.com\/ro\/cum-sa-iti-gestionezi-eficient-clinica-folosind-un-software-de-evidenta-date-pacienti-si-crm-intr-un-singur-loc\/\">Cum S\u0103 \u00ce\u021bi Gestionezi Eficient Clinica Folosind Un Software De Eviden\u021b\u0103 Pacien\u021bi?<\/a><\/h4>\n\n\t<div  class=\"wpb_single_image wpb_content_element vc_align_left wpb_content_element\">\n\t\t\n\t\t<figure class=\"wpb_wrapper vc_figure\">\n\t\t\t<a href=\"https:\/\/www.interocloud.com\/ro\/cum-sa-iti-gestionezi-eficient-clinica-folosind-un-software-de-evidenta-date-pacienti-si-crm-intr-un-singur-loc\/\" target=\"_self\" class=\"vc_single_image-wrapper vc_box_shadow_3d  vc_box_border_grey\"><img loading=\"lazy\" decoding=\"async\" width=\"800\" height=\"534\" src=\"https:\/\/www.interocloud.com\/wp-content\/uploads\/2024\/03\/InteroCloud-Soft-Pentru-Clinici-Medicale.png\" class=\"vc_single_image-img attachment-large\" alt=\"\" title=\"InteroCloud Soft Pentru Clinici Medicale\" srcset=\"https:\/\/www.interocloud.com\/wp-content\/uploads\/2024\/03\/InteroCloud-Soft-Pentru-Clinici-Medicale.png 800w, https:\/\/www.interocloud.com\/wp-content\/uploads\/2024\/03\/InteroCloud-Soft-Pentru-Clinici-Medicale-300x200.png 300w, https:\/\/www.interocloud.com\/wp-content\/uploads\/2024\/03\/InteroCloud-Soft-Pentru-Clinici-Medicale-768x513.png 768w, https:\/\/www.interocloud.com\/wp-content\/uploads\/2024\/03\/InteroCloud-Soft-Pentru-Clinici-Medicale-18x12.png 18w\" sizes=\"(max-width: 800px) 100vw, 800px\" data-id=\"6194\"><\/a>\n\t\t<\/figure>\n\t<\/div>\n\n\t<div class=\"wpb_text_column wpb_content_element\" >\n\t\t<div class=\"wpb_wrapper\">\n\t\t\t<p>Gestionarea eficient\u0103 a unei clinici medicale este esen\u021bial\u0103 pentru a asigura satisfac\u021bia pacien\u021bilor, optimizarea fluxului de lucru &#8230; <a href=\"https:\/\/www.interocloud.com\/ro\/cum-sa-iti-gestionezi-eficient-clinica-folosind-un-software-de-evidenta-date-pacienti-si-crm-intr-un-singur-loc\/\"><strong>CITE\u0218TE MAI MULT<\/strong><\/a><\/p>\n\n\t\t<\/div>\n\t<\/div>\n\t\t<\/div>\n\t<\/div>\n<\/div>\n\n\n\n\n\n<div class=\"wpb_column tm-column vc_column_container vc_col-sm-4 tm-zindex-0\">\n\t<div class=\"vc_column-inner\">\n\t\t\t\t<div class=\"wpb_wrapper\">\n\t\t\t\t\t<\/div>\n\t<\/div>\n<\/div>\n\n\n\n\t\t\n\t<\/div>\n\n\n\n\n\n\n\n\n\n\n\n<div class=\"tm-row wpb_row vc_row-fluid tm-zindex-0 vc_row container tm-bgimage-position-center_center\">\n\n\t\t\n\t\t\n\t\t\n\n<div class=\"wpb_column tm-column vc_column_container vc_col-sm-12 tm-zindex-0\">\n\t<div class=\"vc_column-inner\">\n\t\t\t\t<div class=\"wpb_wrapper\">\n\t\t\t<div class=\"vc_empty_space\"   style=\"height: 32px\"><span class=\"vc_empty_space_inner\"><\/span><\/div><div class=\"vc_empty_space\"   style=\"height: 64px\"><span class=\"vc_empty_space_inner\"><\/span><\/div><div class=\"vc_empty_space\"   style=\"height: 32px\"><span class=\"vc_empty_space_inner\"><\/span><\/div><div class=\"tm-element-heading-wrapper tm-heading-inner tm-element-align-center tm-seperator-none tm-heading-style-vertical  tm-custom-heading tm-skincolo-strong\"><section class=\"tm-vc_cta3-container tm-custom-heading tm-skincolo-strong\"><div class=\"tm-vc_general tm-vc_cta3 tm-cta3-only tm-vc_cta3-style-classic tm-vc_cta3-shape-rounded tm-vc_cta3-align-center tm-vc_cta3-color-transparent tm-vc_cta3-icon-size-md tm-vc_cta3-actions-no tm-cta3-without-desc\"><div class=\"tm-vc_cta3_content-container\"><div class=\"tm-vc_cta3-content\"><header class=\"tm-vc_cta3-content-header tm-wrap\"><div class=\"tm-vc_cta3-headers tm-wrap-cell\"><h2 style=\"font-size:34px;line-height:49px;\" class=\"tm-custom-heading tm-reset-h2-font-responsive\" >PROGRAMEAZ\u0102 DEMO  <strong> FOLOSE\u0218TE GRATUIT 14 ZILE<\/strong><\/h2>\n<\/div><div class=\"heading-seperator\"><span><\/span><\/div><\/header><\/div><\/div><\/div><\/section><\/div> <!-- .tm-element-heading-wrapper container --> \n\t<div class=\"wpb_text_column wpb_content_element\" >\n\t\t<div class=\"wpb_wrapper\">\n\t\t\t\n\t\t\t\t\t\t<script>\n\t\t\t\t\t\t\twindow.hsFormsOnReady = window.hsFormsOnReady || [];\n\t\t\t\t\t\t\twindow.hsFormsOnReady.push(()=>{\n\t\t\t\t\t\t\t\thbspt.forms.create({\n\t\t\t\t\t\t\t\t\tportalId: 8888347,\n\t\t\t\t\t\t\t\t\tformId: \"f5f83170-98a6-4e92-8135-4818608d09b3\",\n\t\t\t\t\t\t\t\t\ttarget: \"#hbspt-form-1776520112000-7521759605\",\n\t\t\t\t\t\t\t\t\tregion: \"na1\",\n\t\t\t\t\t\t\t\t\t\n\t\t\t\t\t\t\t})});\n\t\t\t\t\t\t<\/script>\n\t\t\t\t\t\t<div class=\"hbspt-form\" id=\"hbspt-form-1776520112000-7521759605\"><\/div>\n\n\t\t<\/div>\n\t<\/div>\n\t\t<\/div>\n\t<\/div>\n<\/div>\n\n\n\n\t\t\n\t<\/div>\n<\/div>","protected":false},"excerpt":{"rendered":"Blog-ul InteroCloud Citi\u021bi toate articolele exclusive scrise pe Blog. Descoperi\u021bi strategii de management al clinicii medicale, sfaturi \u0219i informa\u021bii pentru a \u00eembun\u0103t\u0103\u021bi eficien\u021ba, etc. Cum Alegi Cel mai Potrivit Soft Pentru Clinica Ta? Fie c\u0103 porne\u0219ti de la zero sau \u00ee\u021bi schimbi furnizorul, alegerea unui pentru clinica medical\u0103 nu este deloc u\u0219oar\u0103. Soft-ul pentru clinic\u0103... &hellip; <a href=\"https:\/\/www.interocloud.com\/ro\/blog\/\" class=\"more-link\">Continue reading <span class=\"screen-reader-text\">Blog<\/span><\/a>","protected":false},"author":1,"featured_media":6048,"parent":0,"menu_order":0,"comment_status":"closed","ping_status":"closed","template":"","meta":{"content-type":"","footnotes":""},"class_list":["post-6011","page","type-page","status-publish","has-post-thumbnail","hentry"],"_links":{"self":[{"href":"https:\/\/www.interocloud.com\/ro\/wp-json\/wp\/v2\/pages\/6011","targetHints":{"allow":["GET"]}}],"collection":[{"href":"https:\/\/www.interocloud.com\/ro\/wp-json\/wp\/v2\/pages"}],"about":[{"href":"https:\/\/www.interocloud.com\/ro\/wp-json\/wp\/v2\/types\/page"}],"author":[{"embeddable":true,"href":"https:\/\/www.interocloud.com\/ro\/wp-json\/wp\/v2\/users\/1"}],"replies":[{"embeddable":true,"href":"https:\/\/www.interocloud.com\/ro\/wp-json\/wp\/v2\/comments?post=6011"}],"version-history":[{"count":24,"href":"https:\/\/www.interocloud.com\/ro\/wp-json\/wp\/v2\/pages\/6011\/revisions"}],"predecessor-version":[{"id":6200,"href":"https:\/\/www.interocloud.com\/ro\/wp-json\/wp\/v2\/pages\/6011\/revisions\/6200"}],"wp:featuredmedia":[{"embeddable":true,"href":"https:\/\/www.interocloud.com\/ro\/wp-json\/wp\/v2\/media\/6048"}],"wp:attachment":[{"href":"https:\/\/www.interocloud.com\/ro\/wp-json\/wp\/v2\/media?parent=6011"}],"curies":[{"name":"wp","href":"https:\/\/api.w.org\/{rel}","templated":true}]}}