{"id":3612,"date":"2023-02-01T10:48:55","date_gmt":"2023-02-01T10:48:55","guid":{"rendered":"https:\/\/www.interocloud.com\/?page_id=3612"},"modified":"2025-01-28T07:44:58","modified_gmt":"2025-01-28T07:44:58","slug":"contact","status":"publish","type":"page","link":"https:\/\/www.interocloud.com\/ro\/contact-us\/","title":{"rendered":"Contact"},"content":{"rendered":"<div class=\"wpb-content-wrapper\">\n\n\n\n<div data-vc-full-width=\"true\" data-vc-full-width-init=\"false\" class=\"tm-row wpb_row vc_row-fluid vc_custom_1546063533519 tm-responsive-custom-10883513 break-991-colum tm-zindex-0 tm-bgcolor-white tm-bgimage-position-center_center\">\n\n\t\t\n\t <div class=\"vc_row container vc_row-o-equal-height vc_row-flex\"> \t\n\t\t\n\n<div class=\"wpb_column tm-column vc_column_container vc_col-sm-5 tm-zindex-0\">\n\t<div class=\"vc_column-inner  tm-col-bgcolor-skincolor tm-col-bgcolor-yes\">\n\t\t<div class=\"tm-col-wrapper-bg-layer tm-bg-layer tm-bgimage-position-center_center\"><div class=\"tm-bg-layer-inner\"><\/div><\/div>\t\t<div class=\"wpb_wrapper\">\n\t\t\t\n<div class=\"tm-row-inner vc_row wpb_row vc_inner vc_row-fluid tm-zindex-0\">\n\t\n<div class=\"tm-contact-box wpb_column tm-column-inner vc_column_container vc_col-sm-12 tm-zindex-0\">\n\t<div class=\"vc_column-inner vc_custom_1547541736564 tm-responsive-custom-86502181\">\n\t\t \n\t\t<div class=\"wpb_wrapper\">\n\t\t\t<h2 style=\"text-align:left;font-size:30px;line-height:34px;\" class=\"tm-custom-heading\" >Vrei S\u0103 Digitalizezi Clinica Medical\u0103?<\/h2>\n<h2 style=\"text-align:left;font-size:14px;line-height:20px;font-family:'Ubuntu',Arial,Helvetica;font-weight:400;\" class=\"tm-custom-heading\" >Programeaz\u0103 un demo cu unul dintre exper\u021bii no\u0219tri sau sun\u0103-ne!<\/h2>\n<div class=\"vc_separator wpb_content_element vc_separator_align_center vc_sep_width_100 vc_sep_pos_align_center vc_separator_no_text vc_custom_1545372978951 wpb_content_element  vc_custom_1545372978951 wpb_content_element\" ><span class=\"vc_sep_holder vc_sep_holder_l\"><span style=\"border-color:rgb(255,255,255);border-color:rgba(255,255,255,0.25);\" class=\"vc_sep_line\"><\/span><\/span><span class=\"vc_sep_holder vc_sep_holder_r\"><span style=\"border-color:rgb(255,255,255);border-color:rgba(255,255,255,0.25);\" class=\"vc_sep_line\"><\/span><\/span>\n<\/div><div class=\"tm-sbox tm-sbox-iconalign-before-heading none tm-sbox-bgcolor-transparent tm-bgcolor-transparent tm-sbox-textcolor- tm-textcolor- tm-sbox-isize-sm tm-sbox-isize-sm tm-sbox-istyle-boxed-outline vc_custom_1677422282916 tm-sbox-heading-only tm-0px-heading-margin\"><section class=\"tm-vc_cta3-container\"><div class=\"tm-vc_general tm-vc_cta3 tm-vc_cta3-align-left tm-vc_cta3-icon-size-sm tm-vc_cta3-icons-beforeheading tm-vc_cta3-actions-no\"><div class=\"tm-vc_cta3_content-container\"><div class=\"tm-vc_cta3-content\"><div class=\"tm-vc_cta3-content-header tm-wrap\"><div class=\"tm-vc_cta3-icons tm-wrap-cell\"><div class=\"tm-vc_icon_element tm-vc_icon_element-outer tm-vc_icon_element-align-left  tm-vc_icon_element-have-style\"><div class=\"tm-vc_icon_element-inner  tm-vc_icon_element-have-style-inner tm-vc_icon_element-color-white tm-vc_icon_element-size-sm tm-vc_icon_element-style-boxed-outline tm-vc_icon_element-outline tm-vc_icon_element-background-color-white\" ><span class=\"tm-vc_icon_element-icon fa fa-map-pin\" ><\/span><\/div><\/div><\/div><div class=\"tm-vc_cta3-headers tm-wrap-cell\"><h2 style=\"font-size:20px;line-height:28px;font-family:'Saira',Arial,Helvetica;font-weight:500;\" class=\"tm-custom-heading\" >First Floor, Penrose 1, Penrose Dock, Cork, T23 KW81, Ireland<\/h2>\n<\/div><\/div><\/div><div class=\"tm-cta3-desc-btn-wrapper\"><div class=\"tm-cta3-description\"><\/div><\/div><\/div><\/div><\/section><\/div><div class=\"tm-sbox tm-sbox-iconalign-before-heading none tm-sbox-bgcolor-transparent tm-bgcolor-transparent tm-sbox-textcolor- tm-textcolor- tm-sbox-isize-sm tm-sbox-isize-sm tm-sbox-istyle-boxed-outline vc_custom_1677422341830 tm-sbox-both-headings tm-0px-heading-margin\"><section class=\"tm-vc_cta3-container\"><div class=\"tm-vc_general tm-vc_cta3 tm-vc_cta3-align-left tm-vc_cta3-icon-size-sm tm-vc_cta3-icons-beforeheading tm-vc_cta3-actions-no\"><div class=\"tm-vc_cta3_content-container\"><div class=\"tm-vc_cta3-content\"><div class=\"tm-vc_cta3-content-header tm-wrap\"><div class=\"tm-vc_cta3-icons tm-wrap-cell\"><div class=\"tm-vc_icon_element tm-vc_icon_element-outer tm-vc_icon_element-align-left  tm-vc_icon_element-have-style\"><div class=\"tm-vc_icon_element-inner  tm-vc_icon_element-have-style-inner tm-vc_icon_element-color-white tm-vc_icon_element-size-sm tm-vc_icon_element-style-boxed-outline tm-vc_icon_element-outline tm-vc_icon_element-background-color-white\" ><span class=\"tm-vc_icon_element-icon fa fa-envelope-o\" ><\/span><\/div><\/div><\/div><div class=\"tm-vc_cta3-headers tm-wrap-cell\"><h2 style=\"font-size:20px;line-height:28px;font-family:'Saira',Arial,Helvetica;font-weight:500;\" class=\"tm-custom-heading\" >office@interocloud.ro<\/h2>\n<h4 style=\"font-size:14px;line-height:18px;font-family:'Ubuntu',Arial,Helvetica;font-weight:400;\" class=\"tm-custom-heading\" >Ai nevoie de suport? Trimite un email<\/h4>\n<\/div><\/div><\/div><div class=\"tm-cta3-desc-btn-wrapper\"><div class=\"tm-cta3-description\"><\/div><\/div><\/div><\/div><\/section><\/div><div class=\"tm-sbox tm-sbox-iconalign-before-heading none tm-sbox-bgcolor-transparent tm-bgcolor-transparent tm-sbox-textcolor- tm-textcolor- tm-sbox-isize-sm tm-sbox-isize-sm tm-sbox-istyle-boxed-outline vc_custom_1737981717712 tm-sbox-both-headings tm-0px-heading-margin\"><section class=\"tm-vc_cta3-container\"><div class=\"tm-vc_general tm-vc_cta3 tm-vc_cta3-align-left tm-vc_cta3-icon-size-sm tm-vc_cta3-icons-beforeheading tm-vc_cta3-actions-no\"><div class=\"tm-vc_cta3_content-container\"><div class=\"tm-vc_cta3-content\"><div class=\"tm-vc_cta3-content-header tm-wrap\"><div class=\"tm-vc_cta3-icons tm-wrap-cell\"><div class=\"tm-vc_icon_element tm-vc_icon_element-outer tm-vc_icon_element-align-left  tm-vc_icon_element-have-style\"><div class=\"tm-vc_icon_element-inner  tm-vc_icon_element-have-style-inner tm-vc_icon_element-color-white tm-vc_icon_element-size-sm tm-vc_icon_element-style-boxed-outline tm-vc_icon_element-outline tm-vc_icon_element-background-color-white\" ><span class=\"tm-vc_icon_element-icon fa fa-phone\" ><\/span><\/div><\/div><\/div><div class=\"tm-vc_cta3-headers tm-wrap-cell\"><h2 style=\"font-size:20px;line-height:28px;font-family:'Saira',Arial,Helvetica;font-weight:500;\" class=\"tm-custom-heading\" >+40 751 123 662<\/h2>\n<h4 style=\"font-size:14px;line-height:18px;font-family:'Ubuntu',Arial,Helvetica;font-weight:400;\" class=\"tm-custom-heading\" >Ai \u00eentreb\u0103ri? Sun\u0103 acum<\/h4>\n<\/div><\/div><\/div><div class=\"tm-cta3-desc-btn-wrapper\"><div class=\"tm-cta3-description\"><\/div><\/div><\/div><\/div><\/section><\/div><div class=\"tm-sbox tm-sbox-iconalign-before-heading none tm-sbox-bgcolor-transparent tm-bgcolor-transparent tm-sbox-textcolor- tm-textcolor- tm-sbox-isize-sm tm-sbox-isize-sm tm-sbox-istyle-boxed-outline vc_custom_1680517174675 tm-sbox-both-headings tm-0px-heading-margin\"><section class=\"tm-vc_cta3-container\"><div class=\"tm-vc_general tm-vc_cta3 tm-vc_cta3-align-left tm-vc_cta3-icon-size-sm tm-vc_cta3-icons-beforeheading tm-vc_cta3-actions-no\"><div class=\"tm-vc_cta3_content-container\"><div class=\"tm-vc_cta3-content\"><div class=\"tm-vc_cta3-content-header tm-wrap\"><div class=\"tm-vc_cta3-icons tm-wrap-cell\"><div class=\"tm-vc_icon_element tm-vc_icon_element-outer tm-vc_icon_element-align-left  tm-vc_icon_element-have-style\"><div class=\"tm-vc_icon_element-inner  tm-vc_icon_element-have-style-inner tm-vc_icon_element-color-white tm-vc_icon_element-size-sm tm-vc_icon_element-style-boxed-outline tm-vc_icon_element-outline tm-vc_icon_element-background-color-white\" ><span class=\"tm-vc_icon_element-icon fa fa-clock-o\" ><\/span><\/div><\/div><\/div><div class=\"tm-vc_cta3-headers tm-wrap-cell\"><h2 style=\"font-size:20px;line-height:28px;font-family:'Saira',Arial,Helvetica;font-weight:500;\" class=\"tm-custom-heading\" >Luni \u2013 Vineri 09:00 \u2013 17:00<\/h2>\n<h4 style=\"font-size:14px;line-height:18px;font-family:'Ubuntu',Arial,Helvetica;font-weight:400;\" class=\"tm-custom-heading\" >Program suport<\/h4>\n<\/div><\/div><\/div><div class=\"tm-cta3-desc-btn-wrapper\"><div class=\"tm-cta3-description\"><\/div><\/div><\/div><\/div><\/section><\/div>\t\t<\/div>\n\t<\/div>\n<\/div>\n\n<\/div>\n\n\t\t<\/div>\n\t<\/div>\n<\/div>\n\n\n\n\n\n<div class=\"wpb_column tm-column vc_column_container vc_col-sm-7 tm-zindex-0\">\n\t<div class=\"vc_column-inner vc_custom_1547541769337 tm-col-bgcolor-grey tm-col-bgcolor-yes tm-responsive-custom-10776816\">\n\t\t<div class=\"tm-col-wrapper-bg-layer tm-bg-layer tm-bgimage-position-center_center\"><div class=\"tm-bg-layer-inner\"><\/div><\/div>\t\t<div class=\"wpb_wrapper\">\n\t\t\t\n<div class=\"tm-row-inner vc_row wpb_row vc_inner vc_row-fluid tm-zindex-0\">\n\t\n<div class=\"wpb_column tm-column-inner vc_column_container vc_col-sm-12 tm-zindex-0\">\n\t<div class=\"vc_column-inner  tm-responsive-custom-55178778\">\n\t\t \n\t\t<div class=\"wpb_wrapper\">\n\t\t\t<div class=\"tm-element-heading-wrapper tm-heading-inner tm-element-align-left tm-seperator-none tm-heading-style-vertical\"><section class=\"tm-vc_cta3-container\"><div class=\"tm-vc_general tm-vc_cta3 tm-cta3-only tm-vc_cta3-style-classic tm-vc_cta3-shape-rounded tm-vc_cta3-align-left tm-vc_cta3-color-transparent tm-vc_cta3-icon-size-md tm-vc_cta3-actions-no tm-cta3-with-desc\"><div class=\"tm-vc_cta3_content-container\"><div class=\"tm-vc_cta3-content\"><header class=\"tm-vc_cta3-content-header tm-wrap\"><div class=\"tm-vc_cta3-headers tm-wrap-cell\"><h4 class=\"tm-custom-heading\" >trimite un mesaj<\/h4>\n<h2 class=\"tm-custom-heading\" >Vrei S\u0103 Ne <strong>Contactezi?<\/strong><\/h2>\n<\/div><div class=\"heading-seperator\"><span><\/span><\/div><\/header><div class=\"tm-cta3-content-wrapper\"><p>Ne po\u021bi trimite un mesaj \u0219i i\u021bi r\u0103spundem \u00een cel mai scurt timp.<\/p><\/div><\/div><\/div><\/div><\/section><\/div> <!-- .tm-element-heading-wrapper container --> <div class=\"vc_separator wpb_content_element vc_separator_align_center vc_sep_width_100 vc_sep_pos_align_center vc_separator_no_text vc_custom_1547538429047 wpb_content_element  vc_custom_1547538429047 wpb_content_element\" ><span class=\"vc_sep_holder vc_sep_holder_l\"><span style=\"border-color:rgb(10,10,10);border-color:rgba(10,10,10,0.05);\" class=\"vc_sep_line\"><\/span><\/span><span class=\"vc_sep_holder vc_sep_holder_r\"><span style=\"border-color:rgb(10,10,10);border-color:rgba(10,10,10,0.05);\" class=\"vc_sep_line\"><\/span><\/span>\n<\/div>\t\t<\/div>\n\t<\/div>\n<\/div>\n\n<\/div>\n\n\n<div class=\"tm-row-inner vc_row wpb_row vc_inner vc_row-fluid tm-zindex-0\">\n\t\n<div class=\"wpb_column tm-column-inner vc_column_container vc_col-sm-12 tm-zindex-0\">\n\t<div class=\"vc_column-inner\">\n\t\t \n\t\t<div class=\"wpb_wrapper\">\n\t\t\t\n\t<div class=\"wpb_text_column wpb_content_element\" >\n\t\t<div class=\"wpb_wrapper\">\n\t\t\t\n\t\t\t\t\t\t<script>\n\t\t\t\t\t\t\twindow.hsFormsOnReady = window.hsFormsOnReady || [];\n\t\t\t\t\t\t\twindow.hsFormsOnReady.push(()=>{\n\t\t\t\t\t\t\t\thbspt.forms.create({\n\t\t\t\t\t\t\t\t\tportalId: 8888347,\n\t\t\t\t\t\t\t\t\tformId: \"f01509f2-e760-448e-bbb1-ecc62bcfcb93\",\n\t\t\t\t\t\t\t\t\ttarget: \"#hbspt-form-1778910132000-8289623913\",\n\t\t\t\t\t\t\t\t\tregion: \"na1\",\n\t\t\t\t\t\t\t\t\t\n\t\t\t\t\t\t\t})});\n\t\t\t\t\t\t<\/script>\n\t\t\t\t\t\t<div class=\"hbspt-form\" id=\"hbspt-form-1778910132000-8289623913\"><\/div>\n\n\t\t<\/div>\n\t<\/div>\n\t\t<\/div>\n\t<\/div>\n<\/div>\n\n<\/div>\n\n\t\t<\/div>\n\t<\/div>\n<\/div>\n\n\n\n\t\t\n\t <\/div> <\/div>\n\n\n<div class=\"vc_row-full-width vc_clearfix\"><\/div>\n\n\n\n\n\n<\/div>","protected":false},"excerpt":{"rendered":"Do You Want To Start Your Digital Journey? Book a Demo With One Of Our Friendly Staff Members Or Call us! First Floor, Penrose 1, Penrose Dock, Cork, T23 KW81, Ireland office@interocloud.com Need support? Drop us an email +40 751 123 662 Ai \u00eentreb\u0103ri? Sun\u0103 acum Luni \u2013 Vineri 09:00 \u2013 17:00 Program suport leave &hellip; <a href=\"https:\/\/www.interocloud.com\/ro\/contact-us\/\" class=\"more-link\">Continue reading <span class=\"screen-reader-text\">Contact<\/span><\/a>","protected":false},"author":1,"featured_media":4483,"parent":0,"menu_order":0,"comment_status":"closed","ping_status":"closed","template":"","meta":{"content-type":"","footnotes":""},"class_list":["post-3612","page","type-page","status-publish","has-post-thumbnail","hentry"],"_links":{"self":[{"href":"https:\/\/www.interocloud.com\/ro\/wp-json\/wp\/v2\/pages\/3612","targetHints":{"allow":["GET"]}}],"collection":[{"href":"https:\/\/www.interocloud.com\/ro\/wp-json\/wp\/v2\/pages"}],"about":[{"href":"https:\/\/www.interocloud.com\/ro\/wp-json\/wp\/v2\/types\/page"}],"author":[{"embeddable":true,"href":"https:\/\/www.interocloud.com\/ro\/wp-json\/wp\/v2\/users\/1"}],"replies":[{"embeddable":true,"href":"https:\/\/www.interocloud.com\/ro\/wp-json\/wp\/v2\/comments?post=3612"}],"version-history":[{"count":8,"href":"https:\/\/www.interocloud.com\/ro\/wp-json\/wp\/v2\/pages\/3612\/revisions"}],"predecessor-version":[{"id":7087,"href":"https:\/\/www.interocloud.com\/ro\/wp-json\/wp\/v2\/pages\/3612\/revisions\/7087"}],"wp:featuredmedia":[{"embeddable":true,"href":"https:\/\/www.interocloud.com\/ro\/wp-json\/wp\/v2\/media\/4483"}],"wp:attachment":[{"href":"https:\/\/www.interocloud.com\/ro\/wp-json\/wp\/v2\/media?parent=3612"}],"curies":[{"name":"wp","href":"https:\/\/api.w.org\/{rel}","templated":true}]}}